{"id":2080,"date":"2023-07-08T09:20:05","date_gmt":"2023-07-08T07:20:05","guid":{"rendered":"https:\/\/bmmtrading.sk\/contact\/"},"modified":"2025-01-14T12:48:19","modified_gmt":"2025-01-14T11:48:19","slug":"contact","status":"publish","type":"page","link":"https:\/\/bmmtrading.sk\/en\/contact\/","title":{"rendered":"Contact"},"content":{"rendered":"\t\t<div data-elementor-type=\"wp-page\" data-elementor-id=\"2080\" class=\"elementor elementor-2080 elementor-1520\" data-elementor-post-type=\"page\">\n\t\t\t\t\t\t<section class=\"elementor-section elementor-top-section elementor-element elementor-element-77a9091 elementor-section-full_width elementor-section-stretched elementor-section-height-default elementor-section-height-default parallax_section_no qode_elementor_container_no\" data-id=\"77a9091\" data-element_type=\"section\" data-settings=\"{&quot;stretch_section&quot;:&quot;section-stretched&quot;,&quot;background_background&quot;:&quot;classic&quot;,&quot;shape_divider_bottom&quot;:&quot;pyramids&quot;,&quot;shape_divider_bottom_negative&quot;:&quot;yes&quot;}\">\n\t\t\t\t\t\t\t<div class=\"elementor-background-overlay\"><\/div>\n\t\t\t\t\t\t<div class=\"elementor-shape elementor-shape-bottom\" data-negative=\"true\">\n\t\t\t<svg xmlns=\"http:\/\/www.w3.org\/2000\/svg\" viewBox=\"0 0 1000 100\" preserveAspectRatio=\"none\">\n\t<path class=\"elementor-shape-fill\" d=\"M761.9,40.6L643.1,24L333.9,93.8L0.1,1H0v99h1000V1\"\/>\n<\/svg>\t\t<\/div>\n\t\t\t\t\t<div class=\"elementor-container elementor-column-gap-default\">\n\t\t\t\t\t<div class=\"elementor-column elementor-col-100 elementor-top-column elementor-element elementor-element-5de7383\" data-id=\"5de7383\" data-element_type=\"column\">\n\t\t\t<div class=\"elementor-widget-wrap elementor-element-populated\">\n\t\t\t\t\t\t<div class=\"elementor-element elementor-element-0653521 elementor-widget elementor-widget-heading\" data-id=\"0653521\" data-element_type=\"widget\" data-widget_type=\"heading.default\">\n\t\t\t\t<div class=\"elementor-widget-container\">\n\t\t\t<style>\/*! elementor - v3.20.0 - 20-03-2024 *\/\n.elementor-heading-title{padding:0;margin:0;line-height:1}.elementor-widget-heading .elementor-heading-title[class*=elementor-size-]>a{color:inherit;font-size:inherit;line-height:inherit}.elementor-widget-heading .elementor-heading-title.elementor-size-small{font-size:15px}.elementor-widget-heading .elementor-heading-title.elementor-size-medium{font-size:19px}.elementor-widget-heading .elementor-heading-title.elementor-size-large{font-size:29px}.elementor-widget-heading .elementor-heading-title.elementor-size-xl{font-size:39px}.elementor-widget-heading .elementor-heading-title.elementor-size-xxl{font-size:59px}<\/style><h1 class=\"elementor-heading-title elementor-size-xxl\">Contact<\/h1>\t\t<\/div>\n\t\t\t\t<\/div>\n\t\t\t\t\t<\/div>\n\t\t<\/div>\n\t\t\t\t\t<\/div>\n\t\t<\/section>\n\t\t\t\t<section class=\"elementor-section elementor-top-section elementor-element elementor-element-d3d0d23 elementor-section-boxed elementor-section-height-default elementor-section-height-default parallax_section_no qode_elementor_container_no\" data-id=\"d3d0d23\" data-element_type=\"section\">\n\t\t\t\t\t\t<div class=\"elementor-container elementor-column-gap-default\">\n\t\t\t\t\t<div class=\"elementor-column elementor-col-50 elementor-top-column elementor-element elementor-element-79ffc6c\" data-id=\"79ffc6c\" data-element_type=\"column\">\n\t\t\t<div class=\"elementor-widget-wrap elementor-element-populated\">\n\t\t\t\t\t\t<div class=\"elementor-element elementor-element-f02207f elementor-widget elementor-widget-text-editor\" data-id=\"f02207f\" data-element_type=\"widget\" data-widget_type=\"text-editor.default\">\n\t\t\t\t<div class=\"elementor-widget-container\">\n\t\t\t<style>\/*! elementor - v3.20.0 - 20-03-2024 *\/\n.elementor-widget-text-editor.elementor-drop-cap-view-stacked .elementor-drop-cap{background-color:#69727d;color:#fff}.elementor-widget-text-editor.elementor-drop-cap-view-framed .elementor-drop-cap{color:#69727d;border:3px solid;background-color:transparent}.elementor-widget-text-editor:not(.elementor-drop-cap-view-default) .elementor-drop-cap{margin-top:8px}.elementor-widget-text-editor:not(.elementor-drop-cap-view-default) .elementor-drop-cap-letter{width:1em;height:1em}.elementor-widget-text-editor .elementor-drop-cap{float:left;text-align:center;line-height:1;font-size:50px}.elementor-widget-text-editor .elementor-drop-cap-letter{display:inline-block}<\/style>\t\t\t\t<div>CONTACT<\/div>\n<div> <\/div>\n<h2 style=\"font-family: Raleway, sans-serif; letter-spacing: 2px; font-weight: 900; line-height: 1.1; font-size: 2em;\">BMM Trading, S.R.O.<\/h2>\n<\/p>\n<p>If you have any questions, please do not hesitate to contact us by email or phone.<\/p>\n<\/p>\n<p><span style=\"font-weight: var( --e-global-typography-text-font-weight );\"><strong>Address:<\/strong> ul. Koll\u00e1rova 73A, 03601 Martin<\/span><\/p>\n<p><span style=\"font-weight: var( --e-global-typography-text-font-weight );\"><strong>E-mail:<\/strong> bmmtrading@bmmtrading.sk<\/span><\/p>\n<p><span style=\"font-weight: var( --e-global-typography-text-font-weight );\"><strong>Telephone:<\/strong> +421 43 423 00 42<\/span><\/p>\n\t\t\t\t\t\t<\/div>\n\t\t\t\t<\/div>\n\t\t\t\t\t<\/div>\n\t\t<\/div>\n\t\t\t\t<div class=\"elementor-column elementor-col-50 elementor-top-column elementor-element elementor-element-300ffe5\" data-id=\"300ffe5\" data-element_type=\"column\">\n\t\t\t<div class=\"elementor-widget-wrap elementor-element-populated\">\n\t\t\t\t\t\t<div class=\"elementor-element elementor-element-2ae2b00 elementor-widget elementor-widget-google_maps\" data-id=\"2ae2b00\" data-element_type=\"widget\" data-widget_type=\"google_maps.default\">\n\t\t\t\t<div class=\"elementor-widget-container\">\n\t\t\t<style>\/*! elementor - v3.20.0 - 20-03-2024 *\/\n.elementor-widget-google_maps .elementor-widget-container{overflow:hidden}.elementor-widget-google_maps .elementor-custom-embed{line-height:0}.elementor-widget-google_maps iframe{height:300px}<\/style>\t\t<div class=\"elementor-custom-embed\">\n\t\t\t<iframe loading=\"lazy\"\n\t\t\t\t\tsrc=\"https:\/\/maps.google.com\/maps?q=ul.%20Koll%C3%A1rova%2073A%2C%2003601%20Martin&#038;t=m&#038;z=16&#038;output=embed&#038;iwloc=near\"\n\t\t\t\t\ttitle=\"ul. Koll\u00e1rova 73A, 03601 Martin\"\n\t\t\t\t\taria-label=\"ul. Koll\u00e1rova 73A, 03601 Martin\"\n\t\t\t><\/iframe>\n\t\t<\/div>\n\t\t\t\t<\/div>\n\t\t\t\t<\/div>\n\t\t\t\t\t<\/div>\n\t\t<\/div>\n\t\t\t\t\t<\/div>\n\t\t<\/section>\n\t\t\t\t<section class=\"elementor-section elementor-top-section elementor-element elementor-element-5e324a5 elementor-section-boxed elementor-section-height-default elementor-section-height-default parallax_section_no qode_elementor_container_no\" data-id=\"5e324a5\" data-element_type=\"section\">\n\t\t\t\t\t\t<div class=\"elementor-container elementor-column-gap-default\">\n\t\t\t\t\t<div class=\"elementor-column elementor-col-100 elementor-top-column elementor-element elementor-element-bca1940\" data-id=\"bca1940\" data-element_type=\"column\">\n\t\t\t<div class=\"elementor-widget-wrap elementor-element-populated\">\n\t\t\t\t\t\t<div class=\"elementor-element elementor-element-112ae95 elementor-widget elementor-widget-spacer\" data-id=\"112ae95\" data-element_type=\"widget\" data-widget_type=\"spacer.default\">\n\t\t\t\t<div class=\"elementor-widget-container\">\n\t\t\t<style>\/*! elementor - v3.20.0 - 20-03-2024 *\/\n.elementor-column .elementor-spacer-inner{height:var(--spacer-size)}.e-con{--container-widget-width:100%}.e-con-inner>.elementor-widget-spacer,.e-con>.elementor-widget-spacer{width:var(--container-widget-width,var(--spacer-size));--align-self:var(--container-widget-align-self,initial);--flex-shrink:0}.e-con-inner>.elementor-widget-spacer>.elementor-widget-container,.e-con>.elementor-widget-spacer>.elementor-widget-container{height:100%;width:100%}.e-con-inner>.elementor-widget-spacer>.elementor-widget-container>.elementor-spacer,.e-con>.elementor-widget-spacer>.elementor-widget-container>.elementor-spacer{height:100%}.e-con-inner>.elementor-widget-spacer>.elementor-widget-container>.elementor-spacer>.elementor-spacer-inner,.e-con>.elementor-widget-spacer>.elementor-widget-container>.elementor-spacer>.elementor-spacer-inner{height:var(--container-widget-height,var(--spacer-size))}.e-con-inner>.elementor-widget-spacer.elementor-widget-empty,.e-con>.elementor-widget-spacer.elementor-widget-empty{position:relative;min-height:22px;min-width:22px}.e-con-inner>.elementor-widget-spacer.elementor-widget-empty .elementor-widget-empty-icon,.e-con>.elementor-widget-spacer.elementor-widget-empty .elementor-widget-empty-icon{position:absolute;top:0;bottom:0;left:0;right:0;margin:auto;padding:0;width:22px;height:22px}<\/style>\t\t<div class=\"elementor-spacer\">\n\t\t\t<div class=\"elementor-spacer-inner\"><\/div>\n\t\t<\/div>\n\t\t\t\t<\/div>\n\t\t\t\t<\/div>\n\t\t\t\t\t<\/div>\n\t\t<\/div>\n\t\t\t\t\t<\/div>\n\t\t<\/section>\n\t\t\t\t<section class=\"elementor-section elementor-top-section elementor-element elementor-element-f655a9e elementor-section-full_width elementor-section-stretched elementor-section-height-default elementor-section-height-default parallax_section_no qode_elementor_container_no\" data-id=\"f655a9e\" data-element_type=\"section\" data-settings=\"{&quot;stretch_section&quot;:&quot;section-stretched&quot;}\">\n\t\t\t\t\t\t\t<div class=\"elementor-background-overlay\"><\/div>\n\t\t\t\t\t\t\t<div class=\"elementor-container elementor-column-gap-default\">\n\t\t\t\t\t<div class=\"elementor-column elementor-col-33 elementor-top-column elementor-element elementor-element-f93df9a\" data-id=\"f93df9a\" data-element_type=\"column\">\n\t\t\t<div class=\"elementor-widget-wrap elementor-element-populated\">\n\t\t\t\t\t\t<div class=\"elementor-element elementor-element-5fa8cf6 elementor-widget elementor-widget-image\" data-id=\"5fa8cf6\" data-element_type=\"widget\" data-widget_type=\"image.default\">\n\t\t\t\t<div class=\"elementor-widget-container\">\n\t\t\t<style>\/*! elementor - v3.20.0 - 20-03-2024 *\/\n.elementor-widget-image{text-align:center}.elementor-widget-image a{display:inline-block}.elementor-widget-image a img[src$=\".svg\"]{width:48px}.elementor-widget-image img{vertical-align:middle;display:inline-block}<\/style>\t\t\t\t\t\t\t\t\t\t<img decoding=\"async\" width=\"416\" height=\"69\" src=\"https:\/\/bmmtrading.sk\/wp-content\/uploads\/2023\/07\/logo-bmm.png\" class=\"attachment-large size-large wp-image-2010\" alt=\"\" srcset=\"https:\/\/bmmtrading.sk\/wp-content\/uploads\/2023\/07\/logo-bmm.png 416w, https:\/\/bmmtrading.sk\/wp-content\/uploads\/2023\/07\/logo-bmm-300x50.png 300w\" sizes=\"(max-width: 416px) 100vw, 416px\" \/>\t\t\t\t\t\t\t\t\t\t\t\t\t<\/div>\n\t\t\t\t<\/div>\n\t\t\t\t\t<\/div>\n\t\t<\/div>\n\t\t\t\t<div class=\"elementor-column elementor-col-33 elementor-top-column elementor-element elementor-element-9fc2834\" data-id=\"9fc2834\" data-element_type=\"column\">\n\t\t\t<div class=\"elementor-widget-wrap elementor-element-populated\">\n\t\t\t\t\t\t<div class=\"elementor-element elementor-element-6fda624 elementor-widget elementor-widget-text-editor\" data-id=\"6fda624\" data-element_type=\"widget\" data-widget_type=\"text-editor.default\">\n\t\t\t\t<div class=\"elementor-widget-container\">\n\t\t\t\t\t\t\t<h3>&nbsp;<\/h3>\n<h3 style=\"text-align: center;\">distributor in Slovakia.<\/h3>\t\t\t\t\t\t<\/div>\n\t\t\t\t<\/div>\n\t\t\t\t\t<\/div>\n\t\t<\/div>\n\t\t\t\t<div class=\"elementor-column elementor-col-33 elementor-top-column elementor-element elementor-element-4d3f68e\" data-id=\"4d3f68e\" data-element_type=\"column\">\n\t\t\t<div class=\"elementor-widget-wrap elementor-element-populated\">\n\t\t\t\t\t\t<div class=\"elementor-element elementor-element-686e48d elementor-widget elementor-widget-image\" data-id=\"686e48d\" data-element_type=\"widget\" data-widget_type=\"image.default\">\n\t\t\t\t<div class=\"elementor-widget-container\">\n\t\t\t\t\t\t\t\t\t\t\t\t\t<img decoding=\"async\" width=\"256\" height=\"58\" src=\"https:\/\/bmmtrading.sk\/wp-content\/uploads\/2023\/07\/logo-3.png\" class=\"attachment-2048x2048 size-2048x2048 wp-image-2009\" alt=\"\" \/>\t\t\t\t\t\t\t\t\t\t\t\t\t<\/div>\n\t\t\t\t<\/div>\n\t\t\t\t\t<\/div>\n\t\t<\/div>\n\t\t\t\t\t<\/div>\n\t\t<\/section>\n\t\t\t\t<section class=\"elementor-section elementor-top-section elementor-element elementor-element-6d0a66a elementor-section-boxed elementor-section-height-default elementor-section-height-default parallax_section_no qode_elementor_container_no\" data-id=\"6d0a66a\" data-element_type=\"section\">\n\t\t\t\t\t\t<div class=\"elementor-container elementor-column-gap-default\">\n\t\t\t\t\t<div class=\"elementor-column elementor-col-100 elementor-top-column elementor-element elementor-element-8e6f263\" data-id=\"8e6f263\" data-element_type=\"column\">\n\t\t\t<div class=\"elementor-widget-wrap elementor-element-populated\">\n\t\t\t\t\t\t<div class=\"elementor-element elementor-element-da6c2e7 elementor-widget elementor-widget-spacer\" data-id=\"da6c2e7\" data-element_type=\"widget\" data-widget_type=\"spacer.default\">\n\t\t\t\t<div class=\"elementor-widget-container\">\n\t\t\t\t\t<div class=\"elementor-spacer\">\n\t\t\t<div class=\"elementor-spacer-inner\"><\/div>\n\t\t<\/div>\n\t\t\t\t<\/div>\n\t\t\t\t<\/div>\n\t\t\t\t\t<\/div>\n\t\t<\/div>\n\t\t\t\t\t<\/div>\n\t\t<\/section>\n\t\t\t\t<\/div>\n\t\t","protected":false},"excerpt":{"rendered":"<p>Contact CONTACT BMM Trading, S.R.O. If you have any questions, please do not hesitate to contact us by email or phone. Address: ul. Koll\u00e1rova 73A, 03601 Martin E-mail: bmmtrading@bmmtrading.sk Telephone: +421 43 423 00 42 &nbsp; distributor in Slovakia.<\/p>\n","protected":false},"author":1,"featured_media":0,"parent":0,"menu_order":0,"comment_status":"closed","ping_status":"closed","template":"","meta":{"footnotes":""},"class_list":["post-2080","page","type-page","status-publish","hentry"],"yoast_head":"<!-- This site is optimized with the Yoast SEO Premium plugin v22.3 (Yoast SEO v22.3) - https:\/\/yoast.com\/wordpress\/plugins\/seo\/ -->\n<title>Contact | BMM Trading<\/title>\n<meta name=\"description\" content=\"If you have any questions, please do not hesitate to contact us by email or phone. BMM Trading - exclusive distributor in Slovakia.\" \/>\n<meta name=\"robots\" content=\"index, follow, max-snippet:-1, max-image-preview:large, max-video-preview:-1\" \/>\n<link rel=\"canonical\" href=\"https:\/\/bmmtrading.sk\/en\/contact\/\" \/>\n<meta property=\"og:locale\" content=\"en_US\" \/>\n<meta property=\"og:type\" content=\"article\" \/>\n<meta property=\"og:title\" content=\"Contact\" \/>\n<meta property=\"og:description\" content=\"If you have any questions, please do not hesitate to contact us by email or phone. BMM Trading - exclusive distributor in Slovakia.\" \/>\n<meta property=\"og:url\" content=\"https:\/\/bmmtrading.sk\/en\/contact\/\" \/>\n<meta property=\"og:site_name\" content=\"BMM Trading\" \/>\n<meta property=\"article:modified_time\" content=\"2025-01-14T11:48:19+00:00\" \/>\n<meta property=\"og:image\" content=\"https:\/\/bmmtrading.sk\/wp-content\/uploads\/2023\/07\/logo-bmm.png\" \/>\n<meta name=\"twitter:card\" content=\"summary_large_image\" \/>\n<script type=\"application\/ld+json\" class=\"yoast-schema-graph\">{\"@context\":\"https:\/\/schema.org\",\"@graph\":[{\"@type\":\"WebPage\",\"@id\":\"https:\/\/bmmtrading.sk\/en\/contact\/\",\"url\":\"https:\/\/bmmtrading.sk\/en\/contact\/\",\"name\":\"Contact | BMM Trading\",\"isPartOf\":{\"@id\":\"https:\/\/bmmtrading.sk\/en\/#website\"},\"primaryImageOfPage\":{\"@id\":\"https:\/\/bmmtrading.sk\/en\/contact\/#primaryimage\"},\"image\":{\"@id\":\"https:\/\/bmmtrading.sk\/en\/contact\/#primaryimage\"},\"thumbnailUrl\":\"https:\/\/bmmtrading.sk\/wp-content\/uploads\/2023\/07\/logo-bmm.png\",\"datePublished\":\"2023-07-08T07:20:05+00:00\",\"dateModified\":\"2025-01-14T11:48:19+00:00\",\"description\":\"If you have any questions, please do not hesitate to contact us by email or phone. BMM Trading - exclusive distributor in Slovakia.\",\"breadcrumb\":{\"@id\":\"https:\/\/bmmtrading.sk\/en\/contact\/#breadcrumb\"},\"inLanguage\":\"en-US\",\"potentialAction\":[{\"@type\":\"ReadAction\",\"target\":[\"https:\/\/bmmtrading.sk\/en\/contact\/\"]}]},{\"@type\":\"ImageObject\",\"inLanguage\":\"en-US\",\"@id\":\"https:\/\/bmmtrading.sk\/en\/contact\/#primaryimage\",\"url\":\"https:\/\/bmmtrading.sk\/wp-content\/uploads\/2023\/07\/logo-bmm.png\",\"contentUrl\":\"https:\/\/bmmtrading.sk\/wp-content\/uploads\/2023\/07\/logo-bmm.png\",\"width\":416,\"height\":69},{\"@type\":\"BreadcrumbList\",\"@id\":\"https:\/\/bmmtrading.sk\/en\/contact\/#breadcrumb\",\"itemListElement\":[{\"@type\":\"ListItem\",\"position\":1,\"name\":\"Domovsk\u00e1 str\u00e1nka\",\"item\":\"https:\/\/bmmtrading.sk\/en\/home\/\"},{\"@type\":\"ListItem\",\"position\":2,\"name\":\"Contact\"}]},{\"@type\":\"WebSite\",\"@id\":\"https:\/\/bmmtrading.sk\/en\/#website\",\"url\":\"https:\/\/bmmtrading.sk\/en\/\",\"name\":\"BMM Trading\",\"description\":\"V\u00fdhradn\u00fd distrib\u00fator zna\u010dky Morello\",\"potentialAction\":[{\"@type\":\"SearchAction\",\"target\":{\"@type\":\"EntryPoint\",\"urlTemplate\":\"https:\/\/bmmtrading.sk\/en\/?s={search_term_string}\"},\"query-input\":\"required name=search_term_string\"}],\"inLanguage\":\"en-US\"}]}<\/script>\n<!-- \/ Yoast SEO Premium plugin. -->","yoast_head_json":{"title":"Contact | BMM Trading","description":"If you have any questions, please do not hesitate to contact us by email or phone. BMM Trading - exclusive distributor in Slovakia.","robots":{"index":"index","follow":"follow","max-snippet":"max-snippet:-1","max-image-preview":"max-image-preview:large","max-video-preview":"max-video-preview:-1"},"canonical":"https:\/\/bmmtrading.sk\/en\/contact\/","og_locale":"en_US","og_type":"article","og_title":"Contact","og_description":"If you have any questions, please do not hesitate to contact us by email or phone. BMM Trading - exclusive distributor in Slovakia.","og_url":"https:\/\/bmmtrading.sk\/en\/contact\/","og_site_name":"BMM Trading","article_modified_time":"2025-01-14T11:48:19+00:00","og_image":[{"url":"https:\/\/bmmtrading.sk\/wp-content\/uploads\/2023\/07\/logo-bmm.png"}],"twitter_card":"summary_large_image","schema":{"@context":"https:\/\/schema.org","@graph":[{"@type":"WebPage","@id":"https:\/\/bmmtrading.sk\/en\/contact\/","url":"https:\/\/bmmtrading.sk\/en\/contact\/","name":"Contact | BMM Trading","isPartOf":{"@id":"https:\/\/bmmtrading.sk\/en\/#website"},"primaryImageOfPage":{"@id":"https:\/\/bmmtrading.sk\/en\/contact\/#primaryimage"},"image":{"@id":"https:\/\/bmmtrading.sk\/en\/contact\/#primaryimage"},"thumbnailUrl":"https:\/\/bmmtrading.sk\/wp-content\/uploads\/2023\/07\/logo-bmm.png","datePublished":"2023-07-08T07:20:05+00:00","dateModified":"2025-01-14T11:48:19+00:00","description":"If you have any questions, please do not hesitate to contact us by email or phone. BMM Trading - exclusive distributor in Slovakia.","breadcrumb":{"@id":"https:\/\/bmmtrading.sk\/en\/contact\/#breadcrumb"},"inLanguage":"en-US","potentialAction":[{"@type":"ReadAction","target":["https:\/\/bmmtrading.sk\/en\/contact\/"]}]},{"@type":"ImageObject","inLanguage":"en-US","@id":"https:\/\/bmmtrading.sk\/en\/contact\/#primaryimage","url":"https:\/\/bmmtrading.sk\/wp-content\/uploads\/2023\/07\/logo-bmm.png","contentUrl":"https:\/\/bmmtrading.sk\/wp-content\/uploads\/2023\/07\/logo-bmm.png","width":416,"height":69},{"@type":"BreadcrumbList","@id":"https:\/\/bmmtrading.sk\/en\/contact\/#breadcrumb","itemListElement":[{"@type":"ListItem","position":1,"name":"Domovsk\u00e1 str\u00e1nka","item":"https:\/\/bmmtrading.sk\/en\/home\/"},{"@type":"ListItem","position":2,"name":"Contact"}]},{"@type":"WebSite","@id":"https:\/\/bmmtrading.sk\/en\/#website","url":"https:\/\/bmmtrading.sk\/en\/","name":"BMM Trading","description":"V\u00fdhradn\u00fd distrib\u00fator zna\u010dky Morello","potentialAction":[{"@type":"SearchAction","target":{"@type":"EntryPoint","urlTemplate":"https:\/\/bmmtrading.sk\/en\/?s={search_term_string}"},"query-input":"required name=search_term_string"}],"inLanguage":"en-US"}]}},"_links":{"self":[{"href":"https:\/\/bmmtrading.sk\/en\/wp-json\/wp\/v2\/pages\/2080","targetHints":{"allow":["GET"]}}],"collection":[{"href":"https:\/\/bmmtrading.sk\/en\/wp-json\/wp\/v2\/pages"}],"about":[{"href":"https:\/\/bmmtrading.sk\/en\/wp-json\/wp\/v2\/types\/page"}],"author":[{"embeddable":true,"href":"https:\/\/bmmtrading.sk\/en\/wp-json\/wp\/v2\/users\/1"}],"replies":[{"embeddable":true,"href":"https:\/\/bmmtrading.sk\/en\/wp-json\/wp\/v2\/comments?post=2080"}],"version-history":[{"count":5,"href":"https:\/\/bmmtrading.sk\/en\/wp-json\/wp\/v2\/pages\/2080\/revisions"}],"predecessor-version":[{"id":2149,"href":"https:\/\/bmmtrading.sk\/en\/wp-json\/wp\/v2\/pages\/2080\/revisions\/2149"}],"wp:attachment":[{"href":"https:\/\/bmmtrading.sk\/en\/wp-json\/wp\/v2\/media?parent=2080"}],"curies":[{"name":"wp","href":"https:\/\/api.w.org\/{rel}","templated":true}]}}