{"id":2057,"date":"2023-07-08T17:34:18","date_gmt":"2023-07-08T15:34:18","guid":{"rendered":"https:\/\/bmmtrading.sk\/technology\/"},"modified":"2024-04-22T10:27:49","modified_gmt":"2024-04-22T08:27:49","slug":"technology","status":"publish","type":"page","link":"https:\/\/bmmtrading.sk\/en\/technology\/","title":{"rendered":"Technology"},"content":{"rendered":"\t\t<div data-elementor-type=\"wp-page\" data-elementor-id=\"2057\" class=\"elementor elementor-2057 elementor-1615\" data-elementor-post-type=\"page\">\n\t\t\t\t\t\t<section class=\"elementor-section elementor-top-section elementor-element elementor-element-b995248 elementor-section-full_width elementor-section-height-default elementor-section-height-default parallax_section_no qode_elementor_container_no\" data-id=\"b995248\" data-element_type=\"section\">\n\t\t\t\t\t\t<div class=\"elementor-container elementor-column-gap-default\">\n\t\t\t\t\t<div class=\"elementor-column elementor-col-100 elementor-top-column elementor-element elementor-element-a75e69f\" data-id=\"a75e69f\" data-element_type=\"column\">\n\t\t\t<div class=\"elementor-widget-wrap elementor-element-populated\">\n\t\t\t\t\t\t<section class=\"elementor-section elementor-inner-section elementor-element elementor-element-33c45a9 qode_elementor_container_inner elementor-section-full_width elementor-section-height-default elementor-section-height-default parallax_section_no\" data-id=\"33c45a9\" data-element_type=\"section\">\n\t\t\t\t\t\t<div class=\"elementor-container elementor-column-gap-default\">\n\t\t\t\t\t<div class=\"elementor-column elementor-col-33 elementor-inner-column elementor-element elementor-element-16dba39\" data-id=\"16dba39\" data-element_type=\"column\">\n\t\t\t<div class=\"elementor-widget-wrap elementor-element-populated\">\n\t\t\t\t\t\t<div class=\"elementor-element elementor-element-6c0f629 elementor-widget elementor-widget-image\" data-id=\"6c0f629\" data-element_type=\"widget\" data-widget_type=\"image.default\">\n\t\t\t\t<div class=\"elementor-widget-container\">\n\t\t\t<style>\/*! elementor - v3.20.0 - 20-03-2024 *\/\n.elementor-widget-image{text-align:center}.elementor-widget-image a{display:inline-block}.elementor-widget-image a img[src$=\".svg\"]{width:48px}.elementor-widget-image img{vertical-align:middle;display:inline-block}<\/style>\t\t\t\t\t\t\t\t\t\t<img fetchpriority=\"high\" decoding=\"async\" width=\"2560\" height=\"1546\" src=\"https:\/\/bmmtrading.sk\/wp-content\/uploads\/2023\/06\/168363443_l-scaled-1.jpg\" class=\"attachment-full size-full wp-image-1986\" alt=\"\" srcset=\"https:\/\/bmmtrading.sk\/wp-content\/uploads\/2023\/06\/168363443_l-scaled-1.jpg 2560w, https:\/\/bmmtrading.sk\/wp-content\/uploads\/2023\/06\/168363443_l-scaled-1-300x181.jpg 300w, https:\/\/bmmtrading.sk\/wp-content\/uploads\/2023\/06\/168363443_l-scaled-1-1024x618.jpg 1024w, https:\/\/bmmtrading.sk\/wp-content\/uploads\/2023\/06\/168363443_l-scaled-1-768x464.jpg 768w, https:\/\/bmmtrading.sk\/wp-content\/uploads\/2023\/06\/168363443_l-scaled-1-1536x928.jpg 1536w, https:\/\/bmmtrading.sk\/wp-content\/uploads\/2023\/06\/168363443_l-scaled-1-2048x1237.jpg 2048w, https:\/\/bmmtrading.sk\/wp-content\/uploads\/2023\/06\/168363443_l-scaled-1-700x423.jpg 700w\" sizes=\"(max-width: 2560px) 100vw, 2560px\" \/>\t\t\t\t\t\t\t\t\t\t\t\t\t<\/div>\n\t\t\t\t<\/div>\n\t\t\t\t<div class=\"elementor-element elementor-element-fd93f03 elementor-widget elementor-widget-text-editor\" data-id=\"fd93f03\" data-element_type=\"widget\" data-widget_type=\"text-editor.default\">\n\t\t\t\t<div class=\"elementor-widget-container\">\n\t\t\t<style>\/*! elementor - v3.20.0 - 20-03-2024 *\/\n.elementor-widget-text-editor.elementor-drop-cap-view-stacked .elementor-drop-cap{background-color:#69727d;color:#fff}.elementor-widget-text-editor.elementor-drop-cap-view-framed .elementor-drop-cap{color:#69727d;border:3px solid;background-color:transparent}.elementor-widget-text-editor:not(.elementor-drop-cap-view-default) .elementor-drop-cap{margin-top:8px}.elementor-widget-text-editor:not(.elementor-drop-cap-view-default) .elementor-drop-cap-letter{width:1em;height:1em}.elementor-widget-text-editor .elementor-drop-cap{float:left;text-align:center;line-height:1;font-size:50px}.elementor-widget-text-editor .elementor-drop-cap-letter{display:inline-block}<\/style>\t\t\t\t<div class=\"wpb_text_column wpb_content_element \">\n<div class=\"wpb_wrapper\">\n<h3 style=\"text-align: center;\">Industry 4.0 and automation<\/h3>\n<\/div>\n<\/div>\n\t\t\t\t\t\t<\/div>\n\t\t\t\t<\/div>\n\t\t\t\t<div class=\"elementor-element elementor-element-fd5fba7 elementor-align-justify elementor-widget elementor-widget-button\" data-id=\"fd5fba7\" data-element_type=\"widget\" data-widget_type=\"button.default\">\n\t\t\t\t<div class=\"elementor-widget-container\">\n\t\t\t\t\t<div class=\"elementor-button-wrapper\">\n\t\t\t<a class=\"elementor-button elementor-button-link elementor-size-xl elementor-animation-float\" href=\"https:\/\/bmmtrading.sk\/en\/technology\/industry-4-0-and-automation\/\">\n\t\t\t\t\t\t<span class=\"elementor-button-content-wrapper\">\n\t\t\t\t\t\t<span class=\"elementor-button-text\">Read more<\/span>\n\t\t<\/span>\n\t\t\t\t\t<\/a>\n\t\t<\/div>\n\t\t\t\t<\/div>\n\t\t\t\t<\/div>\n\t\t\t\t\t<\/div>\n\t\t<\/div>\n\t\t\t\t<div class=\"elementor-column elementor-col-33 elementor-inner-column elementor-element elementor-element-79e9122\" data-id=\"79e9122\" data-element_type=\"column\">\n\t\t\t<div class=\"elementor-widget-wrap elementor-element-populated\">\n\t\t\t\t\t\t<div class=\"elementor-element elementor-element-65febe2 elementor-widget elementor-widget-image\" data-id=\"65febe2\" data-element_type=\"widget\" data-widget_type=\"image.default\">\n\t\t\t\t<div class=\"elementor-widget-container\">\n\t\t\t\t\t\t\t\t\t\t\t\t\t<img decoding=\"async\" width=\"800\" height=\"600\" src=\"https:\/\/bmmtrading.sk\/wp-content\/uploads\/2023\/06\/Omnidirectonal-heavy-duty-AGV-trolley-68t-1.jpg\" class=\"attachment-full size-full wp-image-1919\" alt=\"\" srcset=\"https:\/\/bmmtrading.sk\/wp-content\/uploads\/2023\/06\/Omnidirectonal-heavy-duty-AGV-trolley-68t-1.jpg 800w, https:\/\/bmmtrading.sk\/wp-content\/uploads\/2023\/06\/Omnidirectonal-heavy-duty-AGV-trolley-68t-1-300x225.jpg 300w, https:\/\/bmmtrading.sk\/wp-content\/uploads\/2023\/06\/Omnidirectonal-heavy-duty-AGV-trolley-68t-1-768x576.jpg 768w, https:\/\/bmmtrading.sk\/wp-content\/uploads\/2023\/06\/Omnidirectonal-heavy-duty-AGV-trolley-68t-1-700x525.jpg 700w\" sizes=\"(max-width: 800px) 100vw, 800px\" \/>\t\t\t\t\t\t\t\t\t\t\t\t\t<\/div>\n\t\t\t\t<\/div>\n\t\t\t\t<div class=\"elementor-element elementor-element-46d61a7 elementor-widget elementor-widget-text-editor\" data-id=\"46d61a7\" data-element_type=\"widget\" data-widget_type=\"text-editor.default\">\n\t\t\t\t<div class=\"elementor-widget-container\">\n\t\t\t\t\t\t\t<div class=\"wpb_text_column wpb_content_element \">\n<div class=\"wpb_wrapper\">\n<h3 style=\"text-align: center;\">Types of control systems<\/h3>\n<\/div>\n<\/div>\n\t\t\t\t\t\t<\/div>\n\t\t\t\t<\/div>\n\t\t\t\t<div class=\"elementor-element elementor-element-990e3d2 elementor-align-justify elementor-widget elementor-widget-button\" data-id=\"990e3d2\" data-element_type=\"widget\" data-widget_type=\"button.default\">\n\t\t\t\t<div class=\"elementor-widget-container\">\n\t\t\t\t\t<div class=\"elementor-button-wrapper\">\n\t\t\t<a class=\"elementor-button elementor-button-link elementor-size-xl elementor-animation-float\" href=\"https:\/\/bmmtrading.sk\/en\/technology\/types-of-control-systems\/\">\n\t\t\t\t\t\t<span class=\"elementor-button-content-wrapper\">\n\t\t\t\t\t\t<span class=\"elementor-button-text\">Read more<\/span>\n\t\t<\/span>\n\t\t\t\t\t<\/a>\n\t\t<\/div>\n\t\t\t\t<\/div>\n\t\t\t\t<\/div>\n\t\t\t\t\t<\/div>\n\t\t<\/div>\n\t\t\t\t<div class=\"elementor-column elementor-col-33 elementor-inner-column elementor-element elementor-element-ebc5199\" data-id=\"ebc5199\" data-element_type=\"column\">\n\t\t\t<div class=\"elementor-widget-wrap elementor-element-populated\">\n\t\t\t\t\t\t<div class=\"elementor-element elementor-element-0b687d9 elementor-widget elementor-widget-image\" data-id=\"0b687d9\" data-element_type=\"widget\" data-widget_type=\"image.default\">\n\t\t\t\t<div class=\"elementor-widget-container\">\n\t\t\t\t\t\t\t\t\t\t\t\t\t<img decoding=\"async\" width=\"2508\" height=\"1241\" src=\"https:\/\/bmmtrading.sk\/wp-content\/uploads\/2023\/07\/power-supply-morello.jpg\" class=\"attachment-full size-full wp-image-1999\" alt=\"\" srcset=\"https:\/\/bmmtrading.sk\/wp-content\/uploads\/2023\/07\/power-supply-morello.jpg 2508w, https:\/\/bmmtrading.sk\/wp-content\/uploads\/2023\/07\/power-supply-morello-300x148.jpg 300w, https:\/\/bmmtrading.sk\/wp-content\/uploads\/2023\/07\/power-supply-morello-1024x507.jpg 1024w, https:\/\/bmmtrading.sk\/wp-content\/uploads\/2023\/07\/power-supply-morello-768x380.jpg 768w, https:\/\/bmmtrading.sk\/wp-content\/uploads\/2023\/07\/power-supply-morello-1536x760.jpg 1536w, https:\/\/bmmtrading.sk\/wp-content\/uploads\/2023\/07\/power-supply-morello-2048x1013.jpg 2048w, https:\/\/bmmtrading.sk\/wp-content\/uploads\/2023\/07\/power-supply-morello-700x346.jpg 700w\" sizes=\"(max-width: 2508px) 100vw, 2508px\" \/>\t\t\t\t\t\t\t\t\t\t\t\t\t<\/div>\n\t\t\t\t<\/div>\n\t\t\t\t<div class=\"elementor-element elementor-element-6e55763 elementor-widget elementor-widget-text-editor\" data-id=\"6e55763\" data-element_type=\"widget\" data-widget_type=\"text-editor.default\">\n\t\t\t\t<div class=\"elementor-widget-container\">\n\t\t\t\t\t\t\t<div class=\"wpb_text_column wpb_content_element \">\n<div class=\"wpb_wrapper\">\n<h3 style=\"text-align: center;\">Power and motor technologies<\/h3>\n<\/div>\n<\/div>\n\t\t\t\t\t\t<\/div>\n\t\t\t\t<\/div>\n\t\t\t\t<div class=\"elementor-element elementor-element-2840284 elementor-align-justify elementor-widget elementor-widget-button\" data-id=\"2840284\" data-element_type=\"widget\" data-widget_type=\"button.default\">\n\t\t\t\t<div class=\"elementor-widget-container\">\n\t\t\t\t\t<div class=\"elementor-button-wrapper\">\n\t\t\t<a class=\"elementor-button elementor-button-link elementor-size-xl elementor-animation-float\" href=\"https:\/\/bmmtrading.sk\/technologie\/technologie-napajania-a-motorov\/\">\n\t\t\t\t\t\t<span class=\"elementor-button-content-wrapper\">\n\t\t\t\t\t\t<span class=\"elementor-button-text\">Read more<\/span>\n\t\t<\/span>\n\t\t\t\t\t<\/a>\n\t\t<\/div>\n\t\t\t\t<\/div>\n\t\t\t\t<\/div>\n\t\t\t\t\t<\/div>\n\t\t<\/div>\n\t\t\t\t\t<\/div>\n\t\t<\/section>\n\t\t\t\t\t<\/div>\n\t\t<\/div>\n\t\t\t\t\t<\/div>\n\t\t<\/section>\n\t\t\t\t<section class=\"elementor-section elementor-top-section elementor-element elementor-element-3116b09 elementor-section-full_width elementor-section-height-default elementor-section-height-default parallax_section_no qode_elementor_container_no\" data-id=\"3116b09\" data-element_type=\"section\">\n\t\t\t\t\t\t<div class=\"elementor-container elementor-column-gap-default\">\n\t\t\t\t\t<div class=\"elementor-column elementor-col-100 elementor-top-column elementor-element elementor-element-4502d83\" data-id=\"4502d83\" data-element_type=\"column\">\n\t\t\t<div class=\"elementor-widget-wrap elementor-element-populated\">\n\t\t\t\t\t\t<section class=\"elementor-section elementor-inner-section elementor-element elementor-element-425be26 qode_elementor_container_inner elementor-section-full_width elementor-section-height-default elementor-section-height-default parallax_section_no\" data-id=\"425be26\" data-element_type=\"section\">\n\t\t\t\t\t\t<div class=\"elementor-container elementor-column-gap-default\">\n\t\t\t\t\t<div class=\"elementor-column elementor-col-33 elementor-inner-column elementor-element elementor-element-60bb98c\" data-id=\"60bb98c\" data-element_type=\"column\">\n\t\t\t<div class=\"elementor-widget-wrap elementor-element-populated\">\n\t\t\t\t\t\t<div class=\"elementor-element elementor-element-df453bf elementor-widget elementor-widget-image\" data-id=\"df453bf\" data-element_type=\"widget\" data-widget_type=\"image.default\">\n\t\t\t\t<div class=\"elementor-widget-container\">\n\t\t\t\t\t\t\t\t\t\t\t\t\t<img loading=\"lazy\" decoding=\"async\" width=\"800\" height=\"600\" src=\"https:\/\/bmmtrading.sk\/wp-content\/uploads\/2023\/06\/22-t-Nuclear-power-plant-boxes-transporter-SGAI.jpg\" class=\"attachment-full size-full wp-image-1811\" alt=\"\" srcset=\"https:\/\/bmmtrading.sk\/wp-content\/uploads\/2023\/06\/22-t-Nuclear-power-plant-boxes-transporter-SGAI.jpg 800w, https:\/\/bmmtrading.sk\/wp-content\/uploads\/2023\/06\/22-t-Nuclear-power-plant-boxes-transporter-SGAI-300x225.jpg 300w, https:\/\/bmmtrading.sk\/wp-content\/uploads\/2023\/06\/22-t-Nuclear-power-plant-boxes-transporter-SGAI-768x576.jpg 768w, https:\/\/bmmtrading.sk\/wp-content\/uploads\/2023\/06\/22-t-Nuclear-power-plant-boxes-transporter-SGAI-700x525.jpg 700w\" sizes=\"(max-width: 800px) 100vw, 800px\" \/>\t\t\t\t\t\t\t\t\t\t\t\t\t<\/div>\n\t\t\t\t<\/div>\n\t\t\t\t<div class=\"elementor-element elementor-element-7649559 elementor-widget elementor-widget-text-editor\" data-id=\"7649559\" data-element_type=\"widget\" data-widget_type=\"text-editor.default\">\n\t\t\t\t<div class=\"elementor-widget-container\">\n\t\t\t\t\t\t\t<div class=\"wpb_text_column wpb_content_element \">\n<div class=\"wpb_wrapper\">\n<h3 style=\"text-align: center;\">Operator command and control options<\/h3>\n<\/div>\n<\/div>\n\t\t\t\t\t\t<\/div>\n\t\t\t\t<\/div>\n\t\t\t\t<div class=\"elementor-element elementor-element-531655f elementor-align-justify elementor-widget elementor-widget-button\" data-id=\"531655f\" data-element_type=\"widget\" data-widget_type=\"button.default\">\n\t\t\t\t<div class=\"elementor-widget-container\">\n\t\t\t\t\t<div class=\"elementor-button-wrapper\">\n\t\t\t<a class=\"elementor-button elementor-button-link elementor-size-xl elementor-animation-float\" href=\"https:\/\/bmmtrading.sk\/technologie\/moznosti-prikazov-a-ovladania-operatora\/\">\n\t\t\t\t\t\t<span class=\"elementor-button-content-wrapper\">\n\t\t\t\t\t\t<span class=\"elementor-button-text\">Read more<\/span>\n\t\t<\/span>\n\t\t\t\t\t<\/a>\n\t\t<\/div>\n\t\t\t\t<\/div>\n\t\t\t\t<\/div>\n\t\t\t\t\t<\/div>\n\t\t<\/div>\n\t\t\t\t<div class=\"elementor-column elementor-col-33 elementor-inner-column elementor-element elementor-element-a291e90\" data-id=\"a291e90\" data-element_type=\"column\">\n\t\t\t<div class=\"elementor-widget-wrap elementor-element-populated\">\n\t\t\t\t\t\t<div class=\"elementor-element elementor-element-1ee8a9d elementor-widget elementor-widget-image\" data-id=\"1ee8a9d\" data-element_type=\"widget\" data-widget_type=\"image.default\">\n\t\t\t\t<div class=\"elementor-widget-container\">\n\t\t\t\t\t\t\t\t\t\t\t\t\t<img loading=\"lazy\" decoding=\"async\" width=\"550\" height=\"400\" src=\"https:\/\/bmmtrading.sk\/wp-content\/uploads\/2023\/06\/4.-Welding-550x400-1.jpg\" class=\"attachment-full size-full wp-image-1992\" alt=\"\" srcset=\"https:\/\/bmmtrading.sk\/wp-content\/uploads\/2023\/06\/4.-Welding-550x400-1.jpg 550w, https:\/\/bmmtrading.sk\/wp-content\/uploads\/2023\/06\/4.-Welding-550x400-1-300x218.jpg 300w\" sizes=\"(max-width: 550px) 100vw, 550px\" \/>\t\t\t\t\t\t\t\t\t\t\t\t\t<\/div>\n\t\t\t\t<\/div>\n\t\t\t\t<div class=\"elementor-element elementor-element-14bc275 elementor-widget elementor-widget-text-editor\" data-id=\"14bc275\" data-element_type=\"widget\" data-widget_type=\"text-editor.default\">\n\t\t\t\t<div class=\"elementor-widget-container\">\n\t\t\t\t\t\t\t<div class=\"wpb_text_column wpb_content_element \">\n<div class=\"wpb_wrapper\">\n<h3 style=\"text-align: center;\">Safety standards for machinery<\/p>\n<\/h3>\n<\/div>\n<\/div>\n\t\t\t\t\t\t<\/div>\n\t\t\t\t<\/div>\n\t\t\t\t<div class=\"elementor-element elementor-element-927bf33 elementor-align-justify elementor-widget elementor-widget-button\" data-id=\"927bf33\" data-element_type=\"widget\" data-widget_type=\"button.default\">\n\t\t\t\t<div class=\"elementor-widget-container\">\n\t\t\t\t\t<div class=\"elementor-button-wrapper\">\n\t\t\t<a class=\"elementor-button elementor-button-link elementor-size-xl elementor-animation-float\" href=\"https:\/\/bmmtrading.sk\/technologie\/bezpecnostne-normy-pre-stroje\/\">\n\t\t\t\t\t\t<span class=\"elementor-button-content-wrapper\">\n\t\t\t\t\t\t<span class=\"elementor-button-text\">Read more<\/span>\n\t\t<\/span>\n\t\t\t\t\t<\/a>\n\t\t<\/div>\n\t\t\t\t<\/div>\n\t\t\t\t<\/div>\n\t\t\t\t\t<\/div>\n\t\t<\/div>\n\t\t\t\t<div class=\"elementor-column elementor-col-33 elementor-inner-column elementor-element elementor-element-637161c\" data-id=\"637161c\" data-element_type=\"column\">\n\t\t\t<div class=\"elementor-widget-wrap\">\n\t\t\t\t\t\t\t<\/div>\n\t\t<\/div>\n\t\t\t\t\t<\/div>\n\t\t<\/section>\n\t\t\t\t\t<\/div>\n\t\t<\/div>\n\t\t\t\t\t<\/div>\n\t\t<\/section>\n\t\t\t\t<\/div>\n\t\t","protected":false},"excerpt":{"rendered":"<p>Industry 4.0 and automation Read more Types of control systems Read more Power and motor technologies Read more Operator command and control options Read more Safety standards for machinery Read more<\/p>\n","protected":false},"author":1,"featured_media":0,"parent":0,"menu_order":0,"comment_status":"closed","ping_status":"closed","template":"","meta":{"footnotes":""},"class_list":["post-2057","page","type-page","status-publish","hentry"],"yoast_head":"<!-- This site is optimized with the Yoast SEO Premium plugin v22.3 (Yoast SEO v22.3) - https:\/\/yoast.com\/wordpress\/plugins\/seo\/ -->\n<title>Technology | BMM Trading<\/title>\n<meta name=\"description\" content=\"Our brand is present in industrial plants and stands for quality engineering, industrial design and operational excellence.\" \/>\n<meta name=\"robots\" content=\"index, follow, max-snippet:-1, max-image-preview:large, max-video-preview:-1\" \/>\n<link rel=\"canonical\" href=\"https:\/\/bmmtrading.sk\/en\/technology\/\" \/>\n<meta property=\"og:locale\" content=\"en_US\" \/>\n<meta property=\"og:type\" content=\"article\" \/>\n<meta property=\"og:title\" content=\"Technology\" \/>\n<meta property=\"og:description\" content=\"Our brand is present in industrial plants and stands for quality engineering, industrial design and operational excellence.\" \/>\n<meta property=\"og:url\" content=\"https:\/\/bmmtrading.sk\/en\/technology\/\" \/>\n<meta property=\"og:site_name\" content=\"BMM Trading\" \/>\n<meta property=\"article:modified_time\" content=\"2024-04-22T08:27:49+00:00\" \/>\n<meta property=\"og:image\" content=\"https:\/\/bmmtrading.sk\/wp-content\/uploads\/2023\/06\/168363443_l-scaled-1.jpg\" \/>\n<meta name=\"twitter:card\" content=\"summary_large_image\" \/>\n<script type=\"application\/ld+json\" class=\"yoast-schema-graph\">{\"@context\":\"https:\/\/schema.org\",\"@graph\":[{\"@type\":\"WebPage\",\"@id\":\"https:\/\/bmmtrading.sk\/en\/technology\/\",\"url\":\"https:\/\/bmmtrading.sk\/en\/technology\/\",\"name\":\"Technology | BMM Trading\",\"isPartOf\":{\"@id\":\"https:\/\/bmmtrading.sk\/en\/#website\"},\"primaryImageOfPage\":{\"@id\":\"https:\/\/bmmtrading.sk\/en\/technology\/#primaryimage\"},\"image\":{\"@id\":\"https:\/\/bmmtrading.sk\/en\/technology\/#primaryimage\"},\"thumbnailUrl\":\"https:\/\/bmmtrading.sk\/wp-content\/uploads\/2023\/06\/168363443_l-scaled-1.jpg\",\"datePublished\":\"2023-07-08T15:34:18+00:00\",\"dateModified\":\"2024-04-22T08:27:49+00:00\",\"description\":\"Our brand is present in industrial plants and stands for quality engineering, industrial design and operational excellence.\",\"breadcrumb\":{\"@id\":\"https:\/\/bmmtrading.sk\/en\/technology\/#breadcrumb\"},\"inLanguage\":\"en-US\",\"potentialAction\":[{\"@type\":\"ReadAction\",\"target\":[\"https:\/\/bmmtrading.sk\/en\/technology\/\"]}]},{\"@type\":\"ImageObject\",\"inLanguage\":\"en-US\",\"@id\":\"https:\/\/bmmtrading.sk\/en\/technology\/#primaryimage\",\"url\":\"https:\/\/bmmtrading.sk\/wp-content\/uploads\/2023\/06\/168363443_l-scaled-1.jpg\",\"contentUrl\":\"https:\/\/bmmtrading.sk\/wp-content\/uploads\/2023\/06\/168363443_l-scaled-1.jpg\",\"width\":2560,\"height\":1546},{\"@type\":\"BreadcrumbList\",\"@id\":\"https:\/\/bmmtrading.sk\/en\/technology\/#breadcrumb\",\"itemListElement\":[{\"@type\":\"ListItem\",\"position\":1,\"name\":\"Domovsk\u00e1 str\u00e1nka\",\"item\":\"https:\/\/bmmtrading.sk\/en\/home\/\"},{\"@type\":\"ListItem\",\"position\":2,\"name\":\"Technology\"}]},{\"@type\":\"WebSite\",\"@id\":\"https:\/\/bmmtrading.sk\/en\/#website\",\"url\":\"https:\/\/bmmtrading.sk\/en\/\",\"name\":\"BMM Trading\",\"description\":\"V\u00fdhradn\u00fd distrib\u00fator zna\u010dky Morello\",\"potentialAction\":[{\"@type\":\"SearchAction\",\"target\":{\"@type\":\"EntryPoint\",\"urlTemplate\":\"https:\/\/bmmtrading.sk\/en\/?s={search_term_string}\"},\"query-input\":\"required name=search_term_string\"}],\"inLanguage\":\"en-US\"}]}<\/script>\n<!-- \/ Yoast SEO Premium plugin. -->","yoast_head_json":{"title":"Technology | BMM Trading","description":"Our brand is present in industrial plants and stands for quality engineering, industrial design and operational excellence.","robots":{"index":"index","follow":"follow","max-snippet":"max-snippet:-1","max-image-preview":"max-image-preview:large","max-video-preview":"max-video-preview:-1"},"canonical":"https:\/\/bmmtrading.sk\/en\/technology\/","og_locale":"en_US","og_type":"article","og_title":"Technology","og_description":"Our brand is present in industrial plants and stands for quality engineering, industrial design and operational excellence.","og_url":"https:\/\/bmmtrading.sk\/en\/technology\/","og_site_name":"BMM Trading","article_modified_time":"2024-04-22T08:27:49+00:00","og_image":[{"url":"https:\/\/bmmtrading.sk\/wp-content\/uploads\/2023\/06\/168363443_l-scaled-1.jpg"}],"twitter_card":"summary_large_image","schema":{"@context":"https:\/\/schema.org","@graph":[{"@type":"WebPage","@id":"https:\/\/bmmtrading.sk\/en\/technology\/","url":"https:\/\/bmmtrading.sk\/en\/technology\/","name":"Technology | BMM Trading","isPartOf":{"@id":"https:\/\/bmmtrading.sk\/en\/#website"},"primaryImageOfPage":{"@id":"https:\/\/bmmtrading.sk\/en\/technology\/#primaryimage"},"image":{"@id":"https:\/\/bmmtrading.sk\/en\/technology\/#primaryimage"},"thumbnailUrl":"https:\/\/bmmtrading.sk\/wp-content\/uploads\/2023\/06\/168363443_l-scaled-1.jpg","datePublished":"2023-07-08T15:34:18+00:00","dateModified":"2024-04-22T08:27:49+00:00","description":"Our brand is present in industrial plants and stands for quality engineering, industrial design and operational excellence.","breadcrumb":{"@id":"https:\/\/bmmtrading.sk\/en\/technology\/#breadcrumb"},"inLanguage":"en-US","potentialAction":[{"@type":"ReadAction","target":["https:\/\/bmmtrading.sk\/en\/technology\/"]}]},{"@type":"ImageObject","inLanguage":"en-US","@id":"https:\/\/bmmtrading.sk\/en\/technology\/#primaryimage","url":"https:\/\/bmmtrading.sk\/wp-content\/uploads\/2023\/06\/168363443_l-scaled-1.jpg","contentUrl":"https:\/\/bmmtrading.sk\/wp-content\/uploads\/2023\/06\/168363443_l-scaled-1.jpg","width":2560,"height":1546},{"@type":"BreadcrumbList","@id":"https:\/\/bmmtrading.sk\/en\/technology\/#breadcrumb","itemListElement":[{"@type":"ListItem","position":1,"name":"Domovsk\u00e1 str\u00e1nka","item":"https:\/\/bmmtrading.sk\/en\/home\/"},{"@type":"ListItem","position":2,"name":"Technology"}]},{"@type":"WebSite","@id":"https:\/\/bmmtrading.sk\/en\/#website","url":"https:\/\/bmmtrading.sk\/en\/","name":"BMM Trading","description":"V\u00fdhradn\u00fd distrib\u00fator zna\u010dky Morello","potentialAction":[{"@type":"SearchAction","target":{"@type":"EntryPoint","urlTemplate":"https:\/\/bmmtrading.sk\/en\/?s={search_term_string}"},"query-input":"required name=search_term_string"}],"inLanguage":"en-US"}]}},"_links":{"self":[{"href":"https:\/\/bmmtrading.sk\/en\/wp-json\/wp\/v2\/pages\/2057","targetHints":{"allow":["GET"]}}],"collection":[{"href":"https:\/\/bmmtrading.sk\/en\/wp-json\/wp\/v2\/pages"}],"about":[{"href":"https:\/\/bmmtrading.sk\/en\/wp-json\/wp\/v2\/types\/page"}],"author":[{"embeddable":true,"href":"https:\/\/bmmtrading.sk\/en\/wp-json\/wp\/v2\/users\/1"}],"replies":[{"embeddable":true,"href":"https:\/\/bmmtrading.sk\/en\/wp-json\/wp\/v2\/comments?post=2057"}],"version-history":[{"count":2,"href":"https:\/\/bmmtrading.sk\/en\/wp-json\/wp\/v2\/pages\/2057\/revisions"}],"predecessor-version":[{"id":2085,"href":"https:\/\/bmmtrading.sk\/en\/wp-json\/wp\/v2\/pages\/2057\/revisions\/2085"}],"wp:attachment":[{"href":"https:\/\/bmmtrading.sk\/en\/wp-json\/wp\/v2\/media?parent=2057"}],"curies":[{"name":"wp","href":"https:\/\/api.w.org\/{rel}","templated":true}]}}