{"id":2045,"date":"2023-06-30T13:35:04","date_gmt":"2023-06-30T11:35:04","guid":{"rendered":"https:\/\/bmmtrading.sk\/industry-4-0-and-automation\/"},"modified":"2024-04-22T10:27:50","modified_gmt":"2024-04-22T08:27:50","slug":"industry-4-0-and-automation","status":"publish","type":"page","link":"https:\/\/bmmtrading.sk\/en\/technology\/industry-4-0-and-automation\/","title":{"rendered":"Industry 4.0 and automation"},"content":{"rendered":"\t\t<div data-elementor-type=\"wp-page\" data-elementor-id=\"2045\" class=\"elementor elementor-2045 elementor-1300\" data-elementor-post-type=\"page\">\n\t\t\t\t\t\t<section class=\"elementor-section elementor-top-section elementor-element elementor-element-77a9091 elementor-section-full_width elementor-section-stretched elementor-section-height-default elementor-section-height-default parallax_section_no qode_elementor_container_no\" data-id=\"77a9091\" data-element_type=\"section\" data-settings=\"{&quot;stretch_section&quot;:&quot;section-stretched&quot;,&quot;background_background&quot;:&quot;classic&quot;,&quot;shape_divider_bottom&quot;:&quot;pyramids&quot;,&quot;shape_divider_bottom_negative&quot;:&quot;yes&quot;}\">\n\t\t\t\t\t\t\t<div class=\"elementor-background-overlay\"><\/div>\n\t\t\t\t\t\t<div class=\"elementor-shape elementor-shape-bottom\" data-negative=\"true\">\n\t\t\t<svg xmlns=\"http:\/\/www.w3.org\/2000\/svg\" viewBox=\"0 0 1000 100\" preserveAspectRatio=\"none\">\n\t<path class=\"elementor-shape-fill\" d=\"M761.9,40.6L643.1,24L333.9,93.8L0.1,1H0v99h1000V1\"\/>\n<\/svg>\t\t<\/div>\n\t\t\t\t\t<div class=\"elementor-container elementor-column-gap-default\">\n\t\t\t\t\t<div class=\"elementor-column elementor-col-100 elementor-top-column elementor-element elementor-element-5de7383\" data-id=\"5de7383\" data-element_type=\"column\">\n\t\t\t<div class=\"elementor-widget-wrap elementor-element-populated\">\n\t\t\t\t\t\t<div class=\"elementor-element elementor-element-0653521 elementor-widget elementor-widget-heading\" data-id=\"0653521\" data-element_type=\"widget\" data-widget_type=\"heading.default\">\n\t\t\t\t<div class=\"elementor-widget-container\">\n\t\t\t<style>\/*! elementor - v3.20.0 - 20-03-2024 *\/\n.elementor-heading-title{padding:0;margin:0;line-height:1}.elementor-widget-heading .elementor-heading-title[class*=elementor-size-]>a{color:inherit;font-size:inherit;line-height:inherit}.elementor-widget-heading .elementor-heading-title.elementor-size-small{font-size:15px}.elementor-widget-heading .elementor-heading-title.elementor-size-medium{font-size:19px}.elementor-widget-heading .elementor-heading-title.elementor-size-large{font-size:29px}.elementor-widget-heading .elementor-heading-title.elementor-size-xl{font-size:39px}.elementor-widget-heading .elementor-heading-title.elementor-size-xxl{font-size:59px}<\/style><h1 class=\"elementor-heading-title elementor-size-xxl\">Industry 4.0 and automation<\/h1>\t\t<\/div>\n\t\t\t\t<\/div>\n\t\t\t\t\t<\/div>\n\t\t<\/div>\n\t\t\t\t\t<\/div>\n\t\t<\/section>\n\t\t\t\t<section class=\"elementor-section elementor-top-section elementor-element elementor-element-ce095fd elementor-section-stretched elementor-section-boxed elementor-section-height-default elementor-section-height-default parallax_section_no qode_elementor_container_no\" data-id=\"ce095fd\" data-element_type=\"section\" data-settings=\"{&quot;stretch_section&quot;:&quot;section-stretched&quot;,&quot;background_background&quot;:&quot;classic&quot;}\">\n\t\t\t\t\t\t<div class=\"elementor-container elementor-column-gap-default\">\n\t\t\t\t\t<div class=\"elementor-column elementor-col-100 elementor-top-column elementor-element elementor-element-682b21c\" data-id=\"682b21c\" data-element_type=\"column\">\n\t\t\t<div class=\"elementor-widget-wrap elementor-element-populated\">\n\t\t\t\t\t\t<div class=\"elementor-element elementor-element-15848a3 elementor-widget elementor-widget-heading\" data-id=\"15848a3\" data-element_type=\"widget\" data-widget_type=\"heading.default\">\n\t\t\t\t<div class=\"elementor-widget-container\">\n\t\t\t<h2 class=\"elementor-heading-title elementor-size-xl\">Industry 4.0 and automation<\/h2>\t\t<\/div>\n\t\t\t\t<\/div>\n\t\t\t\t<div class=\"elementor-element elementor-element-4f492ed elementor-widget elementor-widget-text-editor\" data-id=\"4f492ed\" data-element_type=\"widget\" data-widget_type=\"text-editor.default\">\n\t\t\t\t<div class=\"elementor-widget-container\">\n\t\t\t<style>\/*! elementor - v3.20.0 - 20-03-2024 *\/\n.elementor-widget-text-editor.elementor-drop-cap-view-stacked .elementor-drop-cap{background-color:#69727d;color:#fff}.elementor-widget-text-editor.elementor-drop-cap-view-framed .elementor-drop-cap{color:#69727d;border:3px solid;background-color:transparent}.elementor-widget-text-editor:not(.elementor-drop-cap-view-default) .elementor-drop-cap{margin-top:8px}.elementor-widget-text-editor:not(.elementor-drop-cap-view-default) .elementor-drop-cap-letter{width:1em;height:1em}.elementor-widget-text-editor .elementor-drop-cap{float:left;text-align:center;line-height:1;font-size:50px}.elementor-widget-text-editor .elementor-drop-cap-letter{display:inline-block}<\/style>\t\t\t\t<p>Industry 4.0 is the automation and digital transformation of existing manufacturing and industrial processes using modern smart technologies.<\/p>\n<\/p>\n<p>Connected machines collect vast amounts of data that can support maintenance and performance. Data analytics can identify patterns and insights that a human could not perform in real time. As a result, the application of Industry 4.0 technologies enables us to support our clients in optimizing their operations, monitoring the performance of our equipment and providing intelligent expert services in any location on any continent around the world.<\/p>\n\t\t\t\t\t\t<\/div>\n\t\t\t\t<\/div>\n\t\t\t\t\t<\/div>\n\t\t<\/div>\n\t\t\t\t\t<\/div>\n\t\t<\/section>\n\t\t\t\t<section class=\"elementor-section elementor-top-section elementor-element elementor-element-942aa5a elementor-section-stretched elementor-section-boxed elementor-section-height-default elementor-section-height-default parallax_section_no qode_elementor_container_no\" data-id=\"942aa5a\" data-element_type=\"section\" data-settings=\"{&quot;stretch_section&quot;:&quot;section-stretched&quot;,&quot;background_background&quot;:&quot;classic&quot;}\">\n\t\t\t\t\t\t<div class=\"elementor-container elementor-column-gap-wider\">\n\t\t\t\t\t<div class=\"elementor-column elementor-col-50 elementor-top-column elementor-element elementor-element-5d08037\" data-id=\"5d08037\" data-element_type=\"column\">\n\t\t\t<div class=\"elementor-widget-wrap elementor-element-populated\">\n\t\t\t\t\t\t<div class=\"elementor-element elementor-element-d89dae4 elementor-widget elementor-widget-heading\" data-id=\"d89dae4\" data-element_type=\"widget\" data-widget_type=\"heading.default\">\n\t\t\t\t<div class=\"elementor-widget-container\">\n\t\t\t<h3 class=\"elementor-heading-title elementor-size-large\">IoT<\/h3>\t\t<\/div>\n\t\t\t\t<\/div>\n\t\t\t\t<div class=\"elementor-element elementor-element-059a315 elementor-widget elementor-widget-text-editor\" data-id=\"059a315\" data-element_type=\"widget\" data-widget_type=\"text-editor.default\">\n\t\t\t\t<div class=\"elementor-widget-container\">\n\t\t\t\t\t\t\t<p>Many of our machines are equipped with specific devices that connect our self-driving vehicles to the internet or to the customer&#8217;s network via SIM or WiFi.<\/p>\n<\/p>\n<p>Connection to the customer&#8217;s network allows our self-driving vehicles to communicate with the customer&#8217;s IT control systems and with other machines and equipment. In this way, our machines are integrated into the client&#8217;s production and logistics processes. This enables full process automation as well as simple and fast diagnostics and the collection of important data for efficient process analysis.<\/p>\n<\/p>\n<p>Internet connectivity allows us to connect to our self-driving vehicles and control them remotely. For example, to install software updates or to provide real-time client support in the rare event of failures. We can also automatically monitor and store the performance parameters of on-board components (batteries, motors, PLCs, etc&#8230;) to identify in advance any faults and\/or aging and the condition of the components.<\/p>\n\t\t\t\t\t\t<\/div>\n\t\t\t\t<\/div>\n\t\t\t\t\t<\/div>\n\t\t<\/div>\n\t\t\t\t<div class=\"elementor-column elementor-col-50 elementor-top-column elementor-element elementor-element-88311e5\" data-id=\"88311e5\" data-element_type=\"column\">\n\t\t\t<div class=\"elementor-widget-wrap elementor-element-populated\">\n\t\t\t\t\t\t<div class=\"elementor-element elementor-element-debd7bb elementor-widget elementor-widget-image\" data-id=\"debd7bb\" data-element_type=\"widget\" data-widget_type=\"image.default\">\n\t\t\t\t<div class=\"elementor-widget-container\">\n\t\t\t<style>\/*! elementor - v3.20.0 - 20-03-2024 *\/\n.elementor-widget-image{text-align:center}.elementor-widget-image a{display:inline-block}.elementor-widget-image a img[src$=\".svg\"]{width:48px}.elementor-widget-image img{vertical-align:middle;display:inline-block}<\/style>\t\t\t\t\t\t\t\t\t\t<img fetchpriority=\"high\" decoding=\"async\" width=\"550\" height=\"400\" src=\"https:\/\/bmmtrading.sk\/wp-content\/uploads\/2023\/06\/IoT.jpg\" class=\"attachment-portfolio_masonry_wide size-portfolio_masonry_wide wp-image-1987\" alt=\"\" srcset=\"https:\/\/bmmtrading.sk\/wp-content\/uploads\/2023\/06\/IoT.jpg 550w, https:\/\/bmmtrading.sk\/wp-content\/uploads\/2023\/06\/IoT-300x218.jpg 300w\" sizes=\"(max-width: 550px) 100vw, 550px\" \/>\t\t\t\t\t\t\t\t\t\t\t\t\t<\/div>\n\t\t\t\t<\/div>\n\t\t\t\t\t<\/div>\n\t\t<\/div>\n\t\t\t\t\t<\/div>\n\t\t<\/section>\n\t\t\t\t<section class=\"elementor-section elementor-top-section elementor-element elementor-element-e193414 elementor-section-stretched elementor-section-boxed elementor-section-height-default elementor-section-height-default parallax_section_no qode_elementor_container_no\" data-id=\"e193414\" data-element_type=\"section\" data-settings=\"{&quot;stretch_section&quot;:&quot;section-stretched&quot;,&quot;background_background&quot;:&quot;classic&quot;}\">\n\t\t\t\t\t\t<div class=\"elementor-container elementor-column-gap-wider\">\n\t\t\t\t\t<div class=\"elementor-column elementor-col-50 elementor-top-column elementor-element elementor-element-97e816d\" data-id=\"97e816d\" data-element_type=\"column\">\n\t\t\t<div class=\"elementor-widget-wrap elementor-element-populated\">\n\t\t\t\t\t\t<div class=\"elementor-element elementor-element-3fed5b9 elementor-widget elementor-widget-image\" data-id=\"3fed5b9\" data-element_type=\"widget\" data-widget_type=\"image.default\">\n\t\t\t\t<div class=\"elementor-widget-container\">\n\t\t\t\t\t\t\t\t\t\t\t\t\t<img decoding=\"async\" width=\"550\" height=\"400\" src=\"https:\/\/bmmtrading.sk\/wp-content\/uploads\/2023\/06\/Remote-Assistance.jpg\" class=\"attachment-portfolio_masonry_wide size-portfolio_masonry_wide wp-image-1988\" alt=\"\" srcset=\"https:\/\/bmmtrading.sk\/wp-content\/uploads\/2023\/06\/Remote-Assistance.jpg 550w, https:\/\/bmmtrading.sk\/wp-content\/uploads\/2023\/06\/Remote-Assistance-300x218.jpg 300w\" sizes=\"(max-width: 550px) 100vw, 550px\" \/>\t\t\t\t\t\t\t\t\t\t\t\t\t<\/div>\n\t\t\t\t<\/div>\n\t\t\t\t\t<\/div>\n\t\t<\/div>\n\t\t\t\t<div class=\"elementor-column elementor-col-50 elementor-top-column elementor-element elementor-element-812d003\" data-id=\"812d003\" data-element_type=\"column\">\n\t\t\t<div class=\"elementor-widget-wrap elementor-element-populated\">\n\t\t\t\t\t\t<div class=\"elementor-element elementor-element-9e0b83f elementor-widget elementor-widget-heading\" data-id=\"9e0b83f\" data-element_type=\"widget\" data-widget_type=\"heading.default\">\n\t\t\t\t<div class=\"elementor-widget-container\">\n\t\t\t<h3 class=\"elementor-heading-title elementor-size-large\">Remote assistance<\/h3>\t\t<\/div>\n\t\t\t\t<\/div>\n\t\t\t\t<div class=\"elementor-element elementor-element-67cf54f elementor-widget elementor-widget-text-editor\" data-id=\"67cf54f\" data-element_type=\"widget\" data-widget_type=\"text-editor.default\">\n\t\t\t\t<div class=\"elementor-widget-container\">\n\t\t\t\t\t\t\t<p>In order to provide immediate assistance to our clients, we can connect to our machines remotely. As mentioned above, we can fit internet connectivity devices to all of our machines, allowing our support staff to connect to the machine directly from our offices in real time. In this way we can assess and diagnose the causes of any anomalies and most problems can be solved efficiently and quickly.<\/p>\n<\/p>\n<p>In fact, we can interfere directly with the software of our machine, which, thanks to its diagnostic tools, allows us to understand what the problem might be. If the machine needs to be serviced, we can remotely guide and instruct the client&#8217;s technical staff step by step.<\/p>\n<\/p>\n<p>In recent years, we have quickly and efficiently resolved failures directly from our offices around the world: in India, China, USA, Nigeria, throughout Europe, Australia and many other countries.<\/p>\n\t\t\t\t\t\t<\/div>\n\t\t\t\t<\/div>\n\t\t\t\t\t<\/div>\n\t\t<\/div>\n\t\t\t\t\t<\/div>\n\t\t<\/section>\n\t\t\t\t<section class=\"elementor-section elementor-top-section elementor-element elementor-element-057aeea elementor-section-stretched elementor-section-boxed elementor-section-height-default elementor-section-height-default parallax_section_no qode_elementor_container_no\" data-id=\"057aeea\" data-element_type=\"section\" data-settings=\"{&quot;stretch_section&quot;:&quot;section-stretched&quot;,&quot;background_background&quot;:&quot;classic&quot;}\">\n\t\t\t\t\t\t<div class=\"elementor-container elementor-column-gap-wider\">\n\t\t\t\t\t<div class=\"elementor-column elementor-col-50 elementor-top-column elementor-element elementor-element-de00144\" data-id=\"de00144\" data-element_type=\"column\">\n\t\t\t<div class=\"elementor-widget-wrap elementor-element-populated\">\n\t\t\t\t\t\t<div class=\"elementor-element elementor-element-6cbea16 elementor-widget elementor-widget-heading\" data-id=\"6cbea16\" data-element_type=\"widget\" data-widget_type=\"heading.default\">\n\t\t\t\t<div class=\"elementor-widget-container\">\n\t\t\t<h3 class=\"elementor-heading-title elementor-size-large\">AGV<\/h3>\t\t<\/div>\n\t\t\t\t<\/div>\n\t\t\t\t<div class=\"elementor-element elementor-element-b123c40 elementor-widget elementor-widget-text-editor\" data-id=\"b123c40\" data-element_type=\"widget\" data-widget_type=\"text-editor.default\">\n\t\t\t\t<div class=\"elementor-widget-container\">\n\t\t\t\t\t\t\t<p>The AGVs manufactured by MORELLO are custom-made automated vehicles, designed according to specifications agreed with the client and with extremely high load capacities: from 3\u00f74 tonnes up to 1000 tonnes. Technology and the resulting benefits associated with AGVs are part of the Industry 4.0 transformation in all respects.<\/p>\n<\/p>\n<p>The MORELLO AGV is a driverless, computer-controlled vehicle for transporting heavy loads, with the option of automatic self-loading\/unloading when required. The AGV is pre-programmed, moving autonomously without the presence of an operator in factories and warehouses, in both indoor and outdoor environments. It is effectively an online robot that can react in real time to frequent changes in production operations and absorb the impact of real-time decision making.<\/p>\n\t\t\t\t\t\t<\/div>\n\t\t\t\t<\/div>\n\t\t\t\t\t<\/div>\n\t\t<\/div>\n\t\t\t\t<div class=\"elementor-column elementor-col-50 elementor-top-column elementor-element elementor-element-265a8ff\" data-id=\"265a8ff\" data-element_type=\"column\">\n\t\t\t<div class=\"elementor-widget-wrap elementor-element-populated\">\n\t\t\t\t\t\t<div class=\"elementor-element elementor-element-f6cd6cc elementor-widget elementor-widget-image\" data-id=\"f6cd6cc\" data-element_type=\"widget\" data-widget_type=\"image.default\">\n\t\t\t\t<div class=\"elementor-widget-container\">\n\t\t\t\t\t\t\t\t\t\t\t\t\t<img decoding=\"async\" width=\"550\" height=\"400\" src=\"https:\/\/bmmtrading.sk\/wp-content\/uploads\/2023\/06\/AGV.jpg\" class=\"attachment-portfolio-square size-portfolio-square wp-image-1989\" alt=\"\" srcset=\"https:\/\/bmmtrading.sk\/wp-content\/uploads\/2023\/06\/AGV.jpg 550w, https:\/\/bmmtrading.sk\/wp-content\/uploads\/2023\/06\/AGV-300x218.jpg 300w\" sizes=\"(max-width: 550px) 100vw, 550px\" \/>\t\t\t\t\t\t\t\t\t\t\t\t\t<\/div>\n\t\t\t\t<\/div>\n\t\t\t\t\t<\/div>\n\t\t<\/div>\n\t\t\t\t\t<\/div>\n\t\t<\/section>\n\t\t\t\t<section class=\"elementor-section elementor-top-section elementor-element elementor-element-7e7a7b5 elementor-section-stretched elementor-section-boxed elementor-section-height-default elementor-section-height-default parallax_section_no qode_elementor_container_no\" data-id=\"7e7a7b5\" data-element_type=\"section\" data-settings=\"{&quot;stretch_section&quot;:&quot;section-stretched&quot;,&quot;background_background&quot;:&quot;classic&quot;}\">\n\t\t\t\t\t\t<div class=\"elementor-container elementor-column-gap-default\">\n\t\t\t\t\t<div class=\"elementor-column elementor-col-100 elementor-top-column elementor-element elementor-element-73191cc\" data-id=\"73191cc\" data-element_type=\"column\">\n\t\t\t<div class=\"elementor-widget-wrap elementor-element-populated\">\n\t\t\t\t\t\t<div class=\"elementor-element elementor-element-3b7de83 elementor-widget elementor-widget-text-editor\" data-id=\"3b7de83\" data-element_type=\"widget\" data-widget_type=\"text-editor.default\">\n\t\t\t\t<div class=\"elementor-widget-container\">\n\t\t\t\t\t\t\t<p>The multiple benefits of switching to AGV operations include reduced labor and personnel costs, increased safety, reduced property damage, increased accuracy and traceability, ideally suited for high-risk environments, higher accuracy and productivity.<\/p>\n<\/p>\n<p>MORELLO sees great advantages for operations in many different manufacturing industries such as the steel industry for the movement of tubes, coils and sheet metal, automotive, power generation, shipbuilding and many more.<\/p>\n\t\t\t\t\t\t<\/div>\n\t\t\t\t<\/div>\n\t\t\t\t\t<\/div>\n\t\t<\/div>\n\t\t\t\t\t<\/div>\n\t\t<\/section>\n\t\t\t\t<\/div>\n\t\t","protected":false},"excerpt":{"rendered":"<p>Industry 4.0 and automation Industry 4.0 and automation Industry 4.0 is the automation and digital transformation of existing manufacturing and industrial processes using modern smart technologies. Connected machines collect vast amounts of data that can support maintenance and performance. Data analytics can identify patterns and&#8230;<\/p>\n","protected":false},"author":1,"featured_media":0,"parent":2057,"menu_order":0,"comment_status":"closed","ping_status":"closed","template":"","meta":{"footnotes":""},"class_list":["post-2045","page","type-page","status-publish","hentry"],"yoast_head":"<!-- This site is optimized with the Yoast SEO Premium plugin v22.3 (Yoast SEO v22.3) - https:\/\/yoast.com\/wordpress\/plugins\/seo\/ -->\n<title>Industry 4.0 and Automation | Technology | BMM Trading<\/title>\n<meta name=\"description\" content=\"Using modern intelligent technology to automate and digitally transform existing manufacturing and industrial processes.\" \/>\n<meta name=\"robots\" content=\"index, follow, max-snippet:-1, max-image-preview:large, max-video-preview:-1\" \/>\n<link rel=\"canonical\" href=\"https:\/\/bmmtrading.sk\/en\/technology\/industry-4-0-and-automation\/\" \/>\n<meta property=\"og:locale\" content=\"en_US\" \/>\n<meta property=\"og:type\" content=\"article\" \/>\n<meta property=\"og:title\" content=\"Industry 4.0 and automation\" \/>\n<meta property=\"og:description\" content=\"Using modern intelligent technology to automate and digitally transform existing manufacturing and industrial processes.\" \/>\n<meta property=\"og:url\" content=\"https:\/\/bmmtrading.sk\/en\/technology\/industry-4-0-and-automation\/\" \/>\n<meta property=\"og:site_name\" content=\"BMM Trading\" \/>\n<meta property=\"article:modified_time\" content=\"2024-04-22T08:27:50+00:00\" \/>\n<meta property=\"og:image\" content=\"https:\/\/bmmtrading.sk\/wp-content\/uploads\/2023\/06\/IoT.jpg\" \/>\n<meta name=\"twitter:card\" content=\"summary_large_image\" \/>\n<meta name=\"twitter:label1\" content=\"Est. reading time\" \/>\n\t<meta name=\"twitter:data1\" content=\"3 minutes\" \/>\n<script type=\"application\/ld+json\" class=\"yoast-schema-graph\">{\"@context\":\"https:\/\/schema.org\",\"@graph\":[{\"@type\":\"WebPage\",\"@id\":\"https:\/\/bmmtrading.sk\/en\/technology\/industry-4-0-and-automation\/\",\"url\":\"https:\/\/bmmtrading.sk\/en\/technology\/industry-4-0-and-automation\/\",\"name\":\"Industry 4.0 and Automation | Technology | BMM Trading\",\"isPartOf\":{\"@id\":\"https:\/\/bmmtrading.sk\/en\/#website\"},\"primaryImageOfPage\":{\"@id\":\"https:\/\/bmmtrading.sk\/en\/technology\/industry-4-0-and-automation\/#primaryimage\"},\"image\":{\"@id\":\"https:\/\/bmmtrading.sk\/en\/technology\/industry-4-0-and-automation\/#primaryimage\"},\"thumbnailUrl\":\"https:\/\/bmmtrading.sk\/wp-content\/uploads\/2023\/06\/IoT.jpg\",\"datePublished\":\"2023-06-30T11:35:04+00:00\",\"dateModified\":\"2024-04-22T08:27:50+00:00\",\"description\":\"Using modern intelligent technology to automate and digitally transform existing manufacturing and industrial processes.\",\"breadcrumb\":{\"@id\":\"https:\/\/bmmtrading.sk\/en\/technology\/industry-4-0-and-automation\/#breadcrumb\"},\"inLanguage\":\"en-US\",\"potentialAction\":[{\"@type\":\"ReadAction\",\"target\":[\"https:\/\/bmmtrading.sk\/en\/technology\/industry-4-0-and-automation\/\"]}]},{\"@type\":\"ImageObject\",\"inLanguage\":\"en-US\",\"@id\":\"https:\/\/bmmtrading.sk\/en\/technology\/industry-4-0-and-automation\/#primaryimage\",\"url\":\"https:\/\/bmmtrading.sk\/wp-content\/uploads\/2023\/06\/IoT.jpg\",\"contentUrl\":\"https:\/\/bmmtrading.sk\/wp-content\/uploads\/2023\/06\/IoT.jpg\",\"width\":550,\"height\":400},{\"@type\":\"BreadcrumbList\",\"@id\":\"https:\/\/bmmtrading.sk\/en\/technology\/industry-4-0-and-automation\/#breadcrumb\",\"itemListElement\":[{\"@type\":\"ListItem\",\"position\":1,\"name\":\"Domovsk\u00e1 str\u00e1nka\",\"item\":\"https:\/\/bmmtrading.sk\/en\/home\/\"},{\"@type\":\"ListItem\",\"position\":2,\"name\":\"Technology\",\"item\":\"https:\/\/bmmtrading.sk\/en\/technology\/\"},{\"@type\":\"ListItem\",\"position\":3,\"name\":\"Industry 4.0 and automation\"}]},{\"@type\":\"WebSite\",\"@id\":\"https:\/\/bmmtrading.sk\/en\/#website\",\"url\":\"https:\/\/bmmtrading.sk\/en\/\",\"name\":\"BMM Trading\",\"description\":\"V\u00fdhradn\u00fd distrib\u00fator zna\u010dky Morello\",\"potentialAction\":[{\"@type\":\"SearchAction\",\"target\":{\"@type\":\"EntryPoint\",\"urlTemplate\":\"https:\/\/bmmtrading.sk\/en\/?s={search_term_string}\"},\"query-input\":\"required name=search_term_string\"}],\"inLanguage\":\"en-US\"}]}<\/script>\n<!-- \/ Yoast SEO Premium plugin. -->","yoast_head_json":{"title":"Industry 4.0 and Automation | Technology | BMM Trading","description":"Using modern intelligent technology to automate and digitally transform existing manufacturing and industrial processes.","robots":{"index":"index","follow":"follow","max-snippet":"max-snippet:-1","max-image-preview":"max-image-preview:large","max-video-preview":"max-video-preview:-1"},"canonical":"https:\/\/bmmtrading.sk\/en\/technology\/industry-4-0-and-automation\/","og_locale":"en_US","og_type":"article","og_title":"Industry 4.0 and automation","og_description":"Using modern intelligent technology to automate and digitally transform existing manufacturing and industrial processes.","og_url":"https:\/\/bmmtrading.sk\/en\/technology\/industry-4-0-and-automation\/","og_site_name":"BMM Trading","article_modified_time":"2024-04-22T08:27:50+00:00","og_image":[{"url":"https:\/\/bmmtrading.sk\/wp-content\/uploads\/2023\/06\/IoT.jpg"}],"twitter_card":"summary_large_image","twitter_misc":{"Est. reading time":"3 minutes"},"schema":{"@context":"https:\/\/schema.org","@graph":[{"@type":"WebPage","@id":"https:\/\/bmmtrading.sk\/en\/technology\/industry-4-0-and-automation\/","url":"https:\/\/bmmtrading.sk\/en\/technology\/industry-4-0-and-automation\/","name":"Industry 4.0 and Automation | Technology | BMM Trading","isPartOf":{"@id":"https:\/\/bmmtrading.sk\/en\/#website"},"primaryImageOfPage":{"@id":"https:\/\/bmmtrading.sk\/en\/technology\/industry-4-0-and-automation\/#primaryimage"},"image":{"@id":"https:\/\/bmmtrading.sk\/en\/technology\/industry-4-0-and-automation\/#primaryimage"},"thumbnailUrl":"https:\/\/bmmtrading.sk\/wp-content\/uploads\/2023\/06\/IoT.jpg","datePublished":"2023-06-30T11:35:04+00:00","dateModified":"2024-04-22T08:27:50+00:00","description":"Using modern intelligent technology to automate and digitally transform existing manufacturing and industrial processes.","breadcrumb":{"@id":"https:\/\/bmmtrading.sk\/en\/technology\/industry-4-0-and-automation\/#breadcrumb"},"inLanguage":"en-US","potentialAction":[{"@type":"ReadAction","target":["https:\/\/bmmtrading.sk\/en\/technology\/industry-4-0-and-automation\/"]}]},{"@type":"ImageObject","inLanguage":"en-US","@id":"https:\/\/bmmtrading.sk\/en\/technology\/industry-4-0-and-automation\/#primaryimage","url":"https:\/\/bmmtrading.sk\/wp-content\/uploads\/2023\/06\/IoT.jpg","contentUrl":"https:\/\/bmmtrading.sk\/wp-content\/uploads\/2023\/06\/IoT.jpg","width":550,"height":400},{"@type":"BreadcrumbList","@id":"https:\/\/bmmtrading.sk\/en\/technology\/industry-4-0-and-automation\/#breadcrumb","itemListElement":[{"@type":"ListItem","position":1,"name":"Domovsk\u00e1 str\u00e1nka","item":"https:\/\/bmmtrading.sk\/en\/home\/"},{"@type":"ListItem","position":2,"name":"Technology","item":"https:\/\/bmmtrading.sk\/en\/technology\/"},{"@type":"ListItem","position":3,"name":"Industry 4.0 and automation"}]},{"@type":"WebSite","@id":"https:\/\/bmmtrading.sk\/en\/#website","url":"https:\/\/bmmtrading.sk\/en\/","name":"BMM Trading","description":"V\u00fdhradn\u00fd distrib\u00fator zna\u010dky Morello","potentialAction":[{"@type":"SearchAction","target":{"@type":"EntryPoint","urlTemplate":"https:\/\/bmmtrading.sk\/en\/?s={search_term_string}"},"query-input":"required name=search_term_string"}],"inLanguage":"en-US"}]}},"_links":{"self":[{"href":"https:\/\/bmmtrading.sk\/en\/wp-json\/wp\/v2\/pages\/2045","targetHints":{"allow":["GET"]}}],"collection":[{"href":"https:\/\/bmmtrading.sk\/en\/wp-json\/wp\/v2\/pages"}],"about":[{"href":"https:\/\/bmmtrading.sk\/en\/wp-json\/wp\/v2\/types\/page"}],"author":[{"embeddable":true,"href":"https:\/\/bmmtrading.sk\/en\/wp-json\/wp\/v2\/users\/1"}],"replies":[{"embeddable":true,"href":"https:\/\/bmmtrading.sk\/en\/wp-json\/wp\/v2\/comments?post=2045"}],"version-history":[{"count":2,"href":"https:\/\/bmmtrading.sk\/en\/wp-json\/wp\/v2\/pages\/2045\/revisions"}],"predecessor-version":[{"id":2062,"href":"https:\/\/bmmtrading.sk\/en\/wp-json\/wp\/v2\/pages\/2045\/revisions\/2062"}],"up":[{"embeddable":true,"href":"https:\/\/bmmtrading.sk\/en\/wp-json\/wp\/v2\/pages\/2057"}],"wp:attachment":[{"href":"https:\/\/bmmtrading.sk\/en\/wp-json\/wp\/v2\/media?parent=2045"}],"curies":[{"name":"wp","href":"https:\/\/api.w.org\/{rel}","templated":true}]}}