{"id":2015,"date":"2023-06-02T10:44:33","date_gmt":"2023-06-02T08:44:33","guid":{"rendered":"https:\/\/bmmtrading.sk\/battery-electric-platform-trolley-wheels\/"},"modified":"2024-04-22T10:24:47","modified_gmt":"2024-04-22T08:24:47","slug":"battery-electric-platform-trolley-wheels","status":"publish","type":"page","link":"https:\/\/bmmtrading.sk\/en\/products\/battery-electric-platform-trolley-wheels\/","title":{"rendered":"Battery\/electric platform trolley wheels"},"content":{"rendered":"\t\t<div data-elementor-type=\"wp-page\" data-elementor-id=\"2015\" class=\"elementor elementor-2015 elementor-566\" data-elementor-post-type=\"page\">\n\t\t\t\t\t\t<section class=\"elementor-section elementor-top-section elementor-element elementor-element-cc0e33e elementor-section-boxed elementor-section-height-default elementor-section-height-default parallax_section_no qode_elementor_container_no\" data-id=\"cc0e33e\" data-element_type=\"section\">\n\t\t\t\t\t\t<div class=\"elementor-container elementor-column-gap-default\">\n\t\t\t\t\t<div class=\"elementor-column elementor-col-100 elementor-top-column elementor-element elementor-element-c077033\" data-id=\"c077033\" data-element_type=\"column\">\n\t\t\t<div class=\"elementor-widget-wrap elementor-element-populated\">\n\t\t\t\t\t\t<div class=\"elementor-element elementor-element-d0d20fc elementor-widget elementor-widget-heading\" data-id=\"d0d20fc\" data-element_type=\"widget\" data-widget_type=\"heading.default\">\n\t\t\t\t<div class=\"elementor-widget-container\">\n\t\t\t<style>\/*! elementor - v3.20.0 - 20-03-2024 *\/\n.elementor-heading-title{padding:0;margin:0;line-height:1}.elementor-widget-heading .elementor-heading-title[class*=elementor-size-]>a{color:inherit;font-size:inherit;line-height:inherit}.elementor-widget-heading .elementor-heading-title.elementor-size-small{font-size:15px}.elementor-widget-heading .elementor-heading-title.elementor-size-medium{font-size:19px}.elementor-widget-heading .elementor-heading-title.elementor-size-large{font-size:29px}.elementor-widget-heading .elementor-heading-title.elementor-size-xl{font-size:39px}.elementor-widget-heading .elementor-heading-title.elementor-size-xxl{font-size:59px}<\/style><h1 class=\"elementor-heading-title elementor-size-xl\">BATTERY-POWERED WHEELS \/ ELECTRIC PLATFORM TRUCKS<\/h1>\t\t<\/div>\n\t\t\t\t<\/div>\n\t\t\t\t<div class=\"elementor-element elementor-element-95b1b22 elementor-widget-divider--view-line elementor-widget elementor-widget-divider\" data-id=\"95b1b22\" data-element_type=\"widget\" data-widget_type=\"divider.default\">\n\t\t\t\t<div class=\"elementor-widget-container\">\n\t\t\t<style>\/*! elementor - v3.20.0 - 20-03-2024 *\/\n.elementor-widget-divider{--divider-border-style:none;--divider-border-width:1px;--divider-color:#0c0d0e;--divider-icon-size:20px;--divider-element-spacing:10px;--divider-pattern-height:24px;--divider-pattern-size:20px;--divider-pattern-url:none;--divider-pattern-repeat:repeat-x}.elementor-widget-divider .elementor-divider{display:flex}.elementor-widget-divider .elementor-divider__text{font-size:15px;line-height:1;max-width:95%}.elementor-widget-divider .elementor-divider__element{margin:0 var(--divider-element-spacing);flex-shrink:0}.elementor-widget-divider .elementor-icon{font-size:var(--divider-icon-size)}.elementor-widget-divider .elementor-divider-separator{display:flex;margin:0;direction:ltr}.elementor-widget-divider--view-line_icon .elementor-divider-separator,.elementor-widget-divider--view-line_text .elementor-divider-separator{align-items:center}.elementor-widget-divider--view-line_icon .elementor-divider-separator:after,.elementor-widget-divider--view-line_icon .elementor-divider-separator:before,.elementor-widget-divider--view-line_text .elementor-divider-separator:after,.elementor-widget-divider--view-line_text .elementor-divider-separator:before{display:block;content:\"\";border-block-end:0;flex-grow:1;border-block-start:var(--divider-border-width) var(--divider-border-style) var(--divider-color)}.elementor-widget-divider--element-align-left .elementor-divider .elementor-divider-separator>.elementor-divider__svg:first-of-type{flex-grow:0;flex-shrink:100}.elementor-widget-divider--element-align-left .elementor-divider-separator:before{content:none}.elementor-widget-divider--element-align-left .elementor-divider__element{margin-left:0}.elementor-widget-divider--element-align-right .elementor-divider .elementor-divider-separator>.elementor-divider__svg:last-of-type{flex-grow:0;flex-shrink:100}.elementor-widget-divider--element-align-right .elementor-divider-separator:after{content:none}.elementor-widget-divider--element-align-right .elementor-divider__element{margin-right:0}.elementor-widget-divider--element-align-start .elementor-divider .elementor-divider-separator>.elementor-divider__svg:first-of-type{flex-grow:0;flex-shrink:100}.elementor-widget-divider--element-align-start .elementor-divider-separator:before{content:none}.elementor-widget-divider--element-align-start .elementor-divider__element{margin-inline-start:0}.elementor-widget-divider--element-align-end .elementor-divider .elementor-divider-separator>.elementor-divider__svg:last-of-type{flex-grow:0;flex-shrink:100}.elementor-widget-divider--element-align-end .elementor-divider-separator:after{content:none}.elementor-widget-divider--element-align-end .elementor-divider__element{margin-inline-end:0}.elementor-widget-divider:not(.elementor-widget-divider--view-line_text):not(.elementor-widget-divider--view-line_icon) .elementor-divider-separator{border-block-start:var(--divider-border-width) var(--divider-border-style) var(--divider-color)}.elementor-widget-divider--separator-type-pattern{--divider-border-style:none}.elementor-widget-divider--separator-type-pattern.elementor-widget-divider--view-line .elementor-divider-separator,.elementor-widget-divider--separator-type-pattern:not(.elementor-widget-divider--view-line) .elementor-divider-separator:after,.elementor-widget-divider--separator-type-pattern:not(.elementor-widget-divider--view-line) .elementor-divider-separator:before,.elementor-widget-divider--separator-type-pattern:not([class*=elementor-widget-divider--view]) .elementor-divider-separator{width:100%;min-height:var(--divider-pattern-height);-webkit-mask-size:var(--divider-pattern-size) 100%;mask-size:var(--divider-pattern-size) 100%;-webkit-mask-repeat:var(--divider-pattern-repeat);mask-repeat:var(--divider-pattern-repeat);background-color:var(--divider-color);-webkit-mask-image:var(--divider-pattern-url);mask-image:var(--divider-pattern-url)}.elementor-widget-divider--no-spacing{--divider-pattern-size:auto}.elementor-widget-divider--bg-round{--divider-pattern-repeat:round}.rtl .elementor-widget-divider .elementor-divider__text{direction:rtl}.e-con-inner>.elementor-widget-divider,.e-con>.elementor-widget-divider{width:var(--container-widget-width,100%);--flex-grow:var(--container-widget-flex-grow)}<\/style>\t\t<div class=\"elementor-divider\">\n\t\t\t<span class=\"elementor-divider-separator\">\n\t\t\t\t\t\t<\/span>\n\t\t<\/div>\n\t\t\t\t<\/div>\n\t\t\t\t<\/div>\n\t\t\t\t\t<\/div>\n\t\t<\/div>\n\t\t\t\t\t<\/div>\n\t\t<\/section>\n\t\t\t\t<section class=\"elementor-section elementor-top-section elementor-element elementor-element-089f95e elementor-section-boxed elementor-section-height-default elementor-section-height-default parallax_section_no qode_elementor_container_no\" data-id=\"089f95e\" data-element_type=\"section\">\n\t\t\t\t\t\t<div class=\"elementor-container elementor-column-gap-default\">\n\t\t\t\t\t<div class=\"elementor-column elementor-col-50 elementor-top-column elementor-element elementor-element-f31caa5\" data-id=\"f31caa5\" data-element_type=\"column\">\n\t\t\t<div class=\"elementor-widget-wrap elementor-element-populated\">\n\t\t\t\t\t\t<div class=\"elementor-element elementor-element-f002990 elementor-cta--layout-image-above elementor-cta--skin-classic elementor-animated-content elementor-widget elementor-widget-call-to-action\" data-id=\"f002990\" data-element_type=\"widget\" data-widget_type=\"call-to-action.default\">\n\t\t\t\t<div class=\"elementor-widget-container\">\n\t\t\t<link rel=\"stylesheet\" href=\"https:\/\/bmmtrading.sk\/wp-content\/plugins\/elementor-pro\/assets\/css\/widget-call-to-action.min.css\">\t\t<div class=\"elementor-cta\">\n\t\t\t\t\t<div class=\"elementor-cta__bg-wrapper\">\n\t\t\t\t<div class=\"elementor-cta__bg elementor-bg\" style=\"background-image: url(https:\/\/bmmtrading.sk\/wp-content\/uploads\/2023\/06\/produkty-kolesa-1.jpg);\" role=\"img\" aria-label=\"produkty-kolesa-1\"><\/div>\n\t\t\t\t<div class=\"elementor-cta__bg-overlay\"><\/div>\n\t\t\t<\/div>\n\t\t\t\t\t\t\t<div class=\"elementor-cta__content\">\n\t\t\t\t\n\t\t\t\t\t\t\t\t\t<h2 class=\"elementor-cta__title elementor-cta__content-item elementor-content-item\">\n\t\t\t\t\t\tSTANDARD CONTROL - SGAI\t\t\t\t\t<\/h2>\n\t\t\t\t\n\t\t\t\t\n\t\t\t\t\t\t\t\t\t<div class=\"elementor-cta__button-wrapper elementor-cta__content-item elementor-content-item \">\n\t\t\t\t\t<a class=\"elementor-cta__button elementor-button elementor-size-md\" href=\"https:\/\/bmmtrading.sk\/produkty\/kolesa-na-baze-baterii-elektrickych-plosinovych-vozikov\/standardne-riadenie-sgai\/\">\n\t\t\t\t\t\tRead more\t\t\t\t\t<\/a>\n\t\t\t\t\t<\/div>\n\t\t\t\t\t\t\t<\/div>\n\t\t\t\t\t\t<\/div>\n\t\t\t\t<\/div>\n\t\t\t\t<\/div>\n\t\t\t\t\t<\/div>\n\t\t<\/div>\n\t\t\t\t<div class=\"elementor-column elementor-col-50 elementor-top-column elementor-element elementor-element-9a95f53\" data-id=\"9a95f53\" data-element_type=\"column\">\n\t\t\t<div class=\"elementor-widget-wrap elementor-element-populated\">\n\t\t\t\t\t\t<div class=\"elementor-element elementor-element-9b6099d elementor-cta--layout-image-above elementor-cta--skin-classic elementor-animated-content elementor-widget elementor-widget-call-to-action\" data-id=\"9b6099d\" data-element_type=\"widget\" data-widget_type=\"call-to-action.default\">\n\t\t\t\t<div class=\"elementor-widget-container\">\n\t\t\t\t\t<div class=\"elementor-cta\">\n\t\t\t\t\t<div class=\"elementor-cta__bg-wrapper\">\n\t\t\t\t<div class=\"elementor-cta__bg elementor-bg\" style=\"background-image: url(https:\/\/bmmtrading.sk\/wp-content\/uploads\/2023\/06\/produkty-kolesa-2.jpg);\" role=\"img\" aria-label=\"produkty-kolesa-2\"><\/div>\n\t\t\t\t<div class=\"elementor-cta__bg-overlay\"><\/div>\n\t\t\t<\/div>\n\t\t\t\t\t\t\t<div class=\"elementor-cta__content\">\n\t\t\t\t\n\t\t\t\t\t\t\t\t\t<h2 class=\"elementor-cta__title elementor-cta__content-item elementor-content-item\">\n\t\t\t\t\t\tOMNIDIRECTIONAL CONTROL - OMNI\t\t\t\t\t<\/h2>\n\t\t\t\t\n\t\t\t\t\n\t\t\t\t\t\t\t\t\t<div class=\"elementor-cta__button-wrapper elementor-cta__content-item elementor-content-item \">\n\t\t\t\t\t<a class=\"elementor-cta__button elementor-button elementor-size-md\" href=\"https:\/\/bmmtrading.sk\/produkty\/kolesa-na-baze-baterii-elektrickych-plosinovych-vozikov\/vsesmerove-riadenie-omni\/\">\n\t\t\t\t\t\tRead more\t\t\t\t\t<\/a>\n\t\t\t\t\t<\/div>\n\t\t\t\t\t\t\t<\/div>\n\t\t\t\t\t\t<\/div>\n\t\t\t\t<\/div>\n\t\t\t\t<\/div>\n\t\t\t\t\t<\/div>\n\t\t<\/div>\n\t\t\t\t\t<\/div>\n\t\t<\/section>\n\t\t\t\t<section class=\"elementor-section elementor-top-section elementor-element elementor-element-0ce0877 elementor-section-boxed elementor-section-height-default elementor-section-height-default parallax_section_no qode_elementor_container_no\" data-id=\"0ce0877\" data-element_type=\"section\">\n\t\t\t\t\t\t<div class=\"elementor-container elementor-column-gap-default\">\n\t\t\t\t\t<div class=\"elementor-column elementor-col-100 elementor-top-column elementor-element elementor-element-05ea709\" data-id=\"05ea709\" data-element_type=\"column\">\n\t\t\t<div class=\"elementor-widget-wrap elementor-element-populated\">\n\t\t\t\t\t\t<div class=\"elementor-element elementor-element-0c8ce85 elementor-widget elementor-widget-text-editor\" data-id=\"0c8ce85\" data-element_type=\"widget\" data-widget_type=\"text-editor.default\">\n\t\t\t\t<div class=\"elementor-widget-container\">\n\t\t\t<style>\/*! elementor - v3.20.0 - 20-03-2024 *\/\n.elementor-widget-text-editor.elementor-drop-cap-view-stacked .elementor-drop-cap{background-color:#69727d;color:#fff}.elementor-widget-text-editor.elementor-drop-cap-view-framed .elementor-drop-cap{color:#69727d;border:3px solid;background-color:transparent}.elementor-widget-text-editor:not(.elementor-drop-cap-view-default) .elementor-drop-cap{margin-top:8px}.elementor-widget-text-editor:not(.elementor-drop-cap-view-default) .elementor-drop-cap-letter{width:1em;height:1em}.elementor-widget-text-editor .elementor-drop-cap{float:left;text-align:center;line-height:1;font-size:50px}.elementor-widget-text-editor .elementor-drop-cap-letter{display:inline-block}<\/style>\t\t\t\t<p>The performance and functionality of our flatbed trucks is one of our key strengths. We focus on quality, safety and working flexibility by adopting the most advanced technology on our high performance platform trucks.<br \/>Morello&#8217;s SGAI and OMNI trolleys, which include a high-capacity matrix trolley, offer unrivalled adaptability and flexibility in plant logistics. We enable our clients to be more efficient and competitive in demanding markets such as metal machining and the management of, for example, steel coils, moulds, tooling and die shop logistics.<\/p>\n<p><span style=\"color: var( --e-global-color-text ); font-family: var( --e-global-typography-text-font-family ), Sans-serif; font-weight: var( --e-global-typography-text-font-weight );\">As a normal steer wheel trolley, our SGAI motorised platform trolley is designed to transport heavy loads where overhead cranes cannot operate, ensuring precise movement in confined spaces with narrow pathways. SGAI&#8217;s tool change truck on wheels can transport a heavy mold, form, motor or any other heavy and non-standard industrial item wherever your plant requires it.<\/span><\/p>\n<p>With a 500 tonne capacity, the SGAI platform truck has no predefined track and allows you to move and drive the trucks on any surface or floor, indoors or outdoors.<\/p>\n<p>Exceptional manoeuvring and steering flexibility is a key feature of the OMNI heavy-duty platform truck with a load capacity of up to 1,000 tonnes. Omni-directional steering, independently controlled wheel units along with many customisation options make it the ultimate solution.<br \/>This high-capacity quick-change truck with on-board lifting platform (if required) minimises crane use, increases productivity in the field and ensures maximum manoeuvrability in challenging operating environments.<\/p>\n<p>Additional customization options are available such as AGVs and ATEX certified, explosion proof platform trucks for hazardous areas such as offshore platforms, paint shops, mines, as well as off-road applications in the oil and gas and mining industries.<br \/>Electronic traction control, independent wheel group systems, complete sets of scanners and sensors along with advanced customization options make these MORELLO trucks an advanced technology for many industrial applications.<\/p>\n<p>MORELLO&#8217;s industrial design also focuses on respect for the environment. The development of environmentally friendly, low-pollution technologies ensures not only improved plant logistics, but also investment in environmentally friendly and sustainable equipment.<\/p>\n\t\t\t\t\t\t<\/div>\n\t\t\t\t<\/div>\n\t\t\t\t\t<\/div>\n\t\t<\/div>\n\t\t\t\t\t<\/div>\n\t\t<\/section>\n\t\t\t\t<\/div>\n\t\t","protected":false},"excerpt":{"rendered":"<p>BATTERY-POWERED WHEELS \/ ELECTRIC PLATFORM TRUCKS STANDARD CONTROL &#8211; SGAI Read more OMNIDIRECTIONAL CONTROL &#8211; OMNI Read more The performance and functionality of our flatbed trucks is one of our key strengths. We focus on quality, safety and working flexibility by adopting the most advanced&#8230;<\/p>\n","protected":false},"author":1,"featured_media":0,"parent":2014,"menu_order":0,"comment_status":"closed","ping_status":"closed","template":"","meta":{"footnotes":""},"class_list":["post-2015","page","type-page","status-publish","hentry"],"yoast_head":"<!-- This site is optimized with the Yoast SEO Premium plugin v22.3 (Yoast SEO v22.3) - https:\/\/yoast.com\/wordpress\/plugins\/seo\/ -->\n<title>Trucks with standard and omnidirectional steering | BMM Trading<\/title>\n<meta name=\"description\" content=\"SGAI and OMNI high-performance trucks with standard or omnidirectional steering, focused on quality, safety and work flexibility.\" \/>\n<meta name=\"robots\" content=\"index, follow, max-snippet:-1, max-image-preview:large, max-video-preview:-1\" \/>\n<link rel=\"canonical\" href=\"https:\/\/bmmtrading.sk\/en\/products\/battery-electric-platform-trolley-wheels\/\" \/>\n<meta property=\"og:locale\" content=\"en_US\" \/>\n<meta property=\"og:type\" content=\"article\" \/>\n<meta property=\"og:title\" content=\"Battery\/electric platform trolley wheels\" \/>\n<meta property=\"og:description\" content=\"SGAI and OMNI high-performance trucks with standard or omnidirectional steering, focused on quality, safety and work flexibility.\" \/>\n<meta property=\"og:url\" content=\"https:\/\/bmmtrading.sk\/en\/products\/battery-electric-platform-trolley-wheels\/\" \/>\n<meta property=\"og:site_name\" content=\"BMM Trading\" \/>\n<meta property=\"article:modified_time\" content=\"2024-04-22T08:24:47+00:00\" \/>\n<meta name=\"twitter:card\" content=\"summary_large_image\" \/>\n<meta name=\"twitter:label1\" content=\"Est. reading time\" \/>\n\t<meta name=\"twitter:data1\" content=\"2 minutes\" \/>\n<script type=\"application\/ld+json\" class=\"yoast-schema-graph\">{\"@context\":\"https:\/\/schema.org\",\"@graph\":[{\"@type\":\"WebPage\",\"@id\":\"https:\/\/bmmtrading.sk\/en\/products\/battery-electric-platform-trolley-wheels\/\",\"url\":\"https:\/\/bmmtrading.sk\/en\/products\/battery-electric-platform-trolley-wheels\/\",\"name\":\"Trucks with standard and omnidirectional steering | BMM Trading\",\"isPartOf\":{\"@id\":\"https:\/\/bmmtrading.sk\/en\/#website\"},\"datePublished\":\"2023-06-02T08:44:33+00:00\",\"dateModified\":\"2024-04-22T08:24:47+00:00\",\"description\":\"SGAI and OMNI high-performance trucks with standard or omnidirectional steering, focused on quality, safety and work flexibility.\",\"breadcrumb\":{\"@id\":\"https:\/\/bmmtrading.sk\/en\/products\/battery-electric-platform-trolley-wheels\/#breadcrumb\"},\"inLanguage\":\"en-US\",\"potentialAction\":[{\"@type\":\"ReadAction\",\"target\":[\"https:\/\/bmmtrading.sk\/en\/products\/battery-electric-platform-trolley-wheels\/\"]}]},{\"@type\":\"BreadcrumbList\",\"@id\":\"https:\/\/bmmtrading.sk\/en\/products\/battery-electric-platform-trolley-wheels\/#breadcrumb\",\"itemListElement\":[{\"@type\":\"ListItem\",\"position\":1,\"name\":\"Domovsk\u00e1 str\u00e1nka\",\"item\":\"https:\/\/bmmtrading.sk\/en\/home\/\"},{\"@type\":\"ListItem\",\"position\":2,\"name\":\"Battery\/electric platform trolley wheels\"}]},{\"@type\":\"WebSite\",\"@id\":\"https:\/\/bmmtrading.sk\/en\/#website\",\"url\":\"https:\/\/bmmtrading.sk\/en\/\",\"name\":\"BMM Trading\",\"description\":\"V\u00fdhradn\u00fd distrib\u00fator zna\u010dky Morello\",\"potentialAction\":[{\"@type\":\"SearchAction\",\"target\":{\"@type\":\"EntryPoint\",\"urlTemplate\":\"https:\/\/bmmtrading.sk\/en\/?s={search_term_string}\"},\"query-input\":\"required name=search_term_string\"}],\"inLanguage\":\"en-US\"}]}<\/script>\n<!-- \/ Yoast SEO Premium plugin. -->","yoast_head_json":{"title":"Trucks with standard and omnidirectional steering | BMM Trading","description":"SGAI and OMNI high-performance trucks with standard or omnidirectional steering, focused on quality, safety and work flexibility.","robots":{"index":"index","follow":"follow","max-snippet":"max-snippet:-1","max-image-preview":"max-image-preview:large","max-video-preview":"max-video-preview:-1"},"canonical":"https:\/\/bmmtrading.sk\/en\/products\/battery-electric-platform-trolley-wheels\/","og_locale":"en_US","og_type":"article","og_title":"Battery\/electric platform trolley wheels","og_description":"SGAI and OMNI high-performance trucks with standard or omnidirectional steering, focused on quality, safety and work flexibility.","og_url":"https:\/\/bmmtrading.sk\/en\/products\/battery-electric-platform-trolley-wheels\/","og_site_name":"BMM Trading","article_modified_time":"2024-04-22T08:24:47+00:00","twitter_card":"summary_large_image","twitter_misc":{"Est. reading time":"2 minutes"},"schema":{"@context":"https:\/\/schema.org","@graph":[{"@type":"WebPage","@id":"https:\/\/bmmtrading.sk\/en\/products\/battery-electric-platform-trolley-wheels\/","url":"https:\/\/bmmtrading.sk\/en\/products\/battery-electric-platform-trolley-wheels\/","name":"Trucks with standard and omnidirectional steering | BMM Trading","isPartOf":{"@id":"https:\/\/bmmtrading.sk\/en\/#website"},"datePublished":"2023-06-02T08:44:33+00:00","dateModified":"2024-04-22T08:24:47+00:00","description":"SGAI and OMNI high-performance trucks with standard or omnidirectional steering, focused on quality, safety and work flexibility.","breadcrumb":{"@id":"https:\/\/bmmtrading.sk\/en\/products\/battery-electric-platform-trolley-wheels\/#breadcrumb"},"inLanguage":"en-US","potentialAction":[{"@type":"ReadAction","target":["https:\/\/bmmtrading.sk\/en\/products\/battery-electric-platform-trolley-wheels\/"]}]},{"@type":"BreadcrumbList","@id":"https:\/\/bmmtrading.sk\/en\/products\/battery-electric-platform-trolley-wheels\/#breadcrumb","itemListElement":[{"@type":"ListItem","position":1,"name":"Domovsk\u00e1 str\u00e1nka","item":"https:\/\/bmmtrading.sk\/en\/home\/"},{"@type":"ListItem","position":2,"name":"Battery\/electric platform trolley wheels"}]},{"@type":"WebSite","@id":"https:\/\/bmmtrading.sk\/en\/#website","url":"https:\/\/bmmtrading.sk\/en\/","name":"BMM Trading","description":"V\u00fdhradn\u00fd distrib\u00fator zna\u010dky Morello","potentialAction":[{"@type":"SearchAction","target":{"@type":"EntryPoint","urlTemplate":"https:\/\/bmmtrading.sk\/en\/?s={search_term_string}"},"query-input":"required name=search_term_string"}],"inLanguage":"en-US"}]}},"_links":{"self":[{"href":"https:\/\/bmmtrading.sk\/en\/wp-json\/wp\/v2\/pages\/2015","targetHints":{"allow":["GET"]}}],"collection":[{"href":"https:\/\/bmmtrading.sk\/en\/wp-json\/wp\/v2\/pages"}],"about":[{"href":"https:\/\/bmmtrading.sk\/en\/wp-json\/wp\/v2\/types\/page"}],"author":[{"embeddable":true,"href":"https:\/\/bmmtrading.sk\/en\/wp-json\/wp\/v2\/users\/1"}],"replies":[{"embeddable":true,"href":"https:\/\/bmmtrading.sk\/en\/wp-json\/wp\/v2\/comments?post=2015"}],"version-history":[{"count":1,"href":"https:\/\/bmmtrading.sk\/en\/wp-json\/wp\/v2\/pages\/2015\/revisions"}],"predecessor-version":[{"id":2018,"href":"https:\/\/bmmtrading.sk\/en\/wp-json\/wp\/v2\/pages\/2015\/revisions\/2018"}],"up":[{"embeddable":true,"href":"https:\/\/bmmtrading.sk\/en\/wp-json\/wp\/v2\/pages\/2014"}],"wp:attachment":[{"href":"https:\/\/bmmtrading.sk\/en\/wp-json\/wp\/v2\/media?parent=2015"}],"curies":[{"name":"wp","href":"https:\/\/api.w.org\/{rel}","templated":true}]}}